{"id":1834,"date":"2022-02-28T14:07:55","date_gmt":"2022-02-28T14:07:55","guid":{"rendered":"https:\/\/www.navitas.pt\/residential-buildings\/"},"modified":"2023-04-23T22:27:46","modified_gmt":"2023-04-23T22:27:46","slug":"residential-buildings","status":"publish","type":"page","link":"https:\/\/www.navitas.pt\/en\/residential-buildings\/","title":{"rendered":"Residential buildings"},"content":{"rendered":"\t\t<div data-elementor-type=\"wp-page\" data-elementor-id=\"1834\" class=\"elementor elementor-1834 elementor-442\">\n\t\t\t\t\t\t<div class=\"elementor-inner\">\n\t\t\t\t<div class=\"elementor-section-wrap\">\n\t\t\t\t\t\t\t\t\t<section class=\"elementor-section elementor-top-section elementor-element elementor-element-2dca8e2 elementor-section-boxed elementor-section-height-default elementor-section-height-default\" data-id=\"2dca8e2\" data-element_type=\"section\" data-settings=\"{&quot;background_background&quot;:&quot;classic&quot;}\">\n\t\t\t\t\t\t\t<div class=\"elementor-background-overlay\"><\/div>\n\t\t\t\t\t\t\t<div class=\"elementor-container elementor-column-gap-default\">\n\t\t\t\t\t\t\t<div class=\"elementor-row\">\n\t\t\t\t\t<div class=\"elementor-column elementor-col-100 elementor-top-column elementor-element elementor-element-9c44de8\" data-id=\"9c44de8\" data-element_type=\"column\">\n\t\t\t<div class=\"elementor-column-wrap elementor-element-populated\">\n\t\t\t\t\t\t\t<div class=\"elementor-widget-wrap\">\n\t\t\t\t\t\t<div class=\"elementor-element elementor-element-1f1ac20 elementor-widget elementor-widget-heading\" data-id=\"1f1ac20\" data-element_type=\"widget\" data-widget_type=\"heading.default\">\n\t\t\t\t<div class=\"elementor-widget-container\">\n\t\t\t<h1 class=\"elementor-heading-title elementor-size-default\">Residential buildings <\/h1>\t\t<\/div>\n\t\t\t\t<\/div>\n\t\t\t\t\t\t<\/div>\n\t\t\t\t\t<\/div>\n\t\t<\/div>\n\t\t\t\t\t\t\t\t<\/div>\n\t\t\t\t\t<\/div>\n\t\t<\/section>\n\t\t\t\t<section class=\"elementor-section elementor-top-section elementor-element elementor-element-7b128de elementor-section-boxed elementor-section-height-default elementor-section-height-default\" data-id=\"7b128de\" data-element_type=\"section\">\n\t\t\t\t\t\t<div class=\"elementor-container elementor-column-gap-default\">\n\t\t\t\t\t\t\t<div class=\"elementor-row\">\n\t\t\t\t\t<div class=\"elementor-column elementor-col-100 elementor-top-column elementor-element elementor-element-3306e87\" data-id=\"3306e87\" data-element_type=\"column\">\n\t\t\t<div class=\"elementor-column-wrap elementor-element-populated\">\n\t\t\t\t\t\t\t<div class=\"elementor-widget-wrap\">\n\t\t\t\t\t\t<section class=\"elementor-section elementor-inner-section elementor-element elementor-element-55a45a3 elementor-section-full_width elementor-section-height-default elementor-section-height-default\" data-id=\"55a45a3\" data-element_type=\"section\">\n\t\t\t\t\t\t\t<div class=\"elementor-background-overlay\"><\/div>\n\t\t\t\t\t\t\t<div class=\"elementor-container elementor-column-gap-extended\">\n\t\t\t\t\t\t\t<div class=\"elementor-row\">\n\t\t\t\t\t<div class=\"elementor-column elementor-col-100 elementor-inner-column elementor-element elementor-element-d4dd136\" data-id=\"d4dd136\" data-element_type=\"column\" data-settings=\"{&quot;background_background&quot;:&quot;classic&quot;}\">\n\t\t\t<div class=\"elementor-column-wrap elementor-element-populated\">\n\t\t\t\t\t<div class=\"elementor-background-overlay\"><\/div>\n\t\t\t\t\t\t\t<div class=\"elementor-widget-wrap\">\n\t\t\t\t\t\t<div class=\"elementor-element elementor-element-7efa57f elementor-widget elementor-widget-text-editor\" data-id=\"7efa57f\" data-element_type=\"widget\" data-widget_type=\"text-editor.default\">\n\t\t\t\t<div class=\"elementor-widget-container\">\n\t\t\t\t\t\t\t\t<div class=\"elementor-text-editor elementor-clearfix\">\n\t\t\t\t<p>Some reference works:<\/p>\n\t\t\t\t\t<\/div>\n\t\t\t\t\t\t<\/div>\n\t\t\t\t<\/div>\n\t\t\t\t\t\t<\/div>\n\t\t\t\t\t<\/div>\n\t\t<\/div>\n\t\t\t\t\t\t\t\t<\/div>\n\t\t\t\t\t<\/div>\n\t\t<\/section>\n\t\t\t\t\t\t<\/div>\n\t\t\t\t\t<\/div>\n\t\t<\/div>\n\t\t\t\t\t\t\t\t<\/div>\n\t\t\t\t\t<\/div>\n\t\t<\/section>\n\t\t\t\t<section class=\"elementor-section elementor-top-section elementor-element elementor-element-390b4ae elementor-section-boxed elementor-section-height-default elementor-section-height-default\" data-id=\"390b4ae\" data-element_type=\"section\" data-settings=\"{&quot;shape_divider_top&quot;:&quot;opacity-tilt&quot;}\">\n\t\t\t\t\t\t\t<div class=\"elementor-background-overlay\"><\/div>\n\t\t\t\t\t\t<div class=\"elementor-shape elementor-shape-top\" data-negative=\"false\">\n\t\t\t<svg xmlns=\"http:\/\/www.w3.org\/2000\/svg\" viewBox=\"0 0 2600 131.1\" preserveAspectRatio=\"none\">\n\t<path class=\"elementor-shape-fill\" d=\"M0 0L2600 0 2600 69.1 0 0z\"\/>\n\t<path class=\"elementor-shape-fill\" style=\"opacity:0.5\" d=\"M0 0L2600 0 2600 69.1 0 69.1z\"\/>\n\t<path class=\"elementor-shape-fill\" style=\"opacity:0.25\" d=\"M2600 0L0 0 0 130.1 2600 69.1z\"\/>\n<\/svg>\t\t<\/div>\n\t\t\t\t\t<div class=\"elementor-container elementor-column-gap-default\">\n\t\t\t\t\t\t\t<div class=\"elementor-row\">\n\t\t\t\t\t<div class=\"elementor-column elementor-col-50 elementor-top-column elementor-element elementor-element-679c37c\" data-id=\"679c37c\" data-element_type=\"column\">\n\t\t\t<div class=\"elementor-column-wrap elementor-element-populated\">\n\t\t\t\t\t\t\t<div class=\"elementor-widget-wrap\">\n\t\t\t\t\t\t<div class=\"elementor-element elementor-element-41e94a5 elementor-widget elementor-widget-text-editor\" data-id=\"41e94a5\" data-element_type=\"widget\" data-widget_type=\"text-editor.default\">\n\t\t\t\t<div class=\"elementor-widget-container\">\n\t\t\t\t\t\t\t\t<div class=\"elementor-text-editor elementor-clearfix\">\n\t\t\t\t<p><span style=\"color: #0074be;\"><strong>\u2022<\/strong><\/span> Conceptual and detailed Design of HVAC systems for the Sottomayor Residences complex, in Lisbon, Coporgest;<br \/><span style=\"color: #0074be;\"><strong>\u2022<\/strong><\/span> Conceptual and detailed Design of the HVAC systems for the Rodrigues Sampaio building, 2, in Lisbon, Coporgest;<br \/><span style=\"color: #0074be;\"><strong>\u2022<\/strong><\/span> Conceptual and detailed Design of the HVAC systems for the S\u00e3o Ciro building, 2 to 12, in Lisbon;<br \/><span style=\"color: #0074be;\"><strong>\u2022<\/strong><\/span> Conceptual and detailed Design of the HVAC systems for the Odeon building, in Lisbon;<br \/><span style=\"color: #0074be;\"><strong>\u2022<\/strong><\/span> Conceptual and detailed Design of the HVAC systems for the Bom Sucesso building, in Lisbon;<br \/><span style=\"color: #0074be;\"><strong>\u2022<\/strong><\/span> Consultancy and project review for the \u00c1lvares Cabral, 21, AC27 Lda building;<br \/><span style=\"color: #0074be;\"><strong>\u2022<\/strong><\/span> Consultancy for the Palacio Faria building, in Lisbon, EastBanc.<\/p>\t\t\t\t\t<\/div>\n\t\t\t\t\t\t<\/div>\n\t\t\t\t<\/div>\n\t\t\t\t\t\t<\/div>\n\t\t\t\t\t<\/div>\n\t\t<\/div>\n\t\t\t\t<div class=\"elementor-column elementor-col-50 elementor-top-column elementor-element elementor-element-0cdd288\" data-id=\"0cdd288\" data-element_type=\"column\">\n\t\t\t<div class=\"elementor-column-wrap elementor-element-populated\">\n\t\t\t\t\t\t\t<div class=\"elementor-widget-wrap\">\n\t\t\t\t\t\t<section class=\"elementor-section elementor-inner-section elementor-element elementor-element-263a7ed elementor-section-boxed elementor-section-height-default elementor-section-height-default\" data-id=\"263a7ed\" data-element_type=\"section\">\n\t\t\t\t\t\t<div class=\"elementor-container elementor-column-gap-default\">\n\t\t\t\t\t\t\t<div class=\"elementor-row\">\n\t\t\t\t\t<div class=\"elementor-column elementor-col-100 elementor-inner-column elementor-element elementor-element-9ca0956 animated-slow elementor-invisible\" data-id=\"9ca0956\" data-element_type=\"column\" data-settings=\"{&quot;animation&quot;:&quot;fadeInDown&quot;}\">\n\t\t\t<div class=\"elementor-column-wrap elementor-element-populated\">\n\t\t\t\t\t\t\t<div class=\"elementor-widget-wrap\">\n\t\t\t\t\t\t<div class=\"elementor-element elementor-element-f16abc9 elementor-widget elementor-widget-image\" data-id=\"f16abc9\" data-element_type=\"widget\" data-widget_type=\"image.default\">\n\t\t\t\t<div class=\"elementor-widget-container\">\n\t\t\t\t\t\t\t\t<div class=\"elementor-image\">\n\t\t\t\t\t\t\t\t\t\t\t\t<img loading=\"lazy\" decoding=\"async\" width=\"800\" height=\"535\" src=\"https:\/\/www.navitas.pt\/wp-content\/uploads\/2022\/10\/base13.jpg\" class=\"attachment-large size-large wp-image-1647\" alt=\"\" srcset=\"https:\/\/www.navitas.pt\/wp-content\/uploads\/2022\/10\/base13.jpg 1024w, https:\/\/www.navitas.pt\/wp-content\/uploads\/2022\/10\/base13-300x201.jpg 300w, https:\/\/www.navitas.pt\/wp-content\/uploads\/2022\/10\/base13-768x514.jpg 768w\" sizes=\"auto, (max-width: 800px) 100vw, 800px\" \/>\t\t\t\t\t\t\t\t\t\t\t\t\t\t<\/div>\n\t\t\t\t\t\t<\/div>\n\t\t\t\t<\/div>\n\t\t\t\t\t\t<\/div>\n\t\t\t\t\t<\/div>\n\t\t<\/div>\n\t\t\t\t\t\t\t\t<\/div>\n\t\t\t\t\t<\/div>\n\t\t<\/section>\n\t\t\t\t\t\t<\/div>\n\t\t\t\t\t<\/div>\n\t\t<\/div>\n\t\t\t\t\t\t\t\t<\/div>\n\t\t\t\t\t<\/div>\n\t\t<\/section>\n\t\t\t\t\t\t\t\t\t<\/div>\n\t\t\t<\/div>\n\t\t\t\t\t<\/div>\n\t\t","protected":false},"excerpt":{"rendered":"<p>Residential buildings Some reference works: \u2022 Conceptual and detailed Design of HVAC systems for the Sottomayor Residences complex, in Lisbon, Coporgest;\u2022 Conceptual and detailed Design of the HVAC systems for the Rodrigues Sampaio building, 2, in Lisbon, Coporgest;\u2022 Conceptual and detailed Design of the HVAC systems for the S\u00e3o Ciro building, 2 to 12, in [&hellip;]<\/p>\n","protected":false},"author":2,"featured_media":0,"parent":0,"menu_order":0,"comment_status":"closed","ping_status":"closed","template":"elementor_header_footer","meta":{"footnotes":""},"class_list":["post-1834","page","type-page","status-publish","hentry"],"yoast_head":"<!-- This site is optimized with the Yoast SEO plugin v20.8 - https:\/\/yoast.com\/wordpress\/plugins\/seo\/ -->\n<title>Residential buildings - Navitas<\/title>\n<meta name=\"robots\" content=\"index, follow, max-snippet:-1, max-image-preview:large, max-video-preview:-1\" \/>\n<link rel=\"canonical\" href=\"https:\/\/www.navitas.pt\/en\/residential-buildings\/\" \/>\n<meta property=\"og:locale\" content=\"en_US\" \/>\n<meta property=\"og:type\" content=\"article\" \/>\n<meta property=\"og:title\" content=\"Residential buildings - Navitas\" \/>\n<meta property=\"og:description\" content=\"Residential buildings Some reference works: \u2022 Conceptual and detailed Design of HVAC systems for the Sottomayor Residences complex, in Lisbon, Coporgest;\u2022 Conceptual and detailed Design of the HVAC systems for the Rodrigues Sampaio building, 2, in Lisbon, Coporgest;\u2022 Conceptual and detailed Design of the HVAC systems for the S\u00e3o Ciro building, 2 to 12, in [&hellip;]\" \/>\n<meta property=\"og:url\" content=\"https:\/\/www.navitas.pt\/en\/residential-buildings\/\" \/>\n<meta property=\"og:site_name\" content=\"Navitas\" \/>\n<meta property=\"article:modified_time\" content=\"2023-04-23T22:27:46+00:00\" \/>\n<meta property=\"og:image\" content=\"https:\/\/www.navitas.pt\/wp-content\/uploads\/2022\/10\/base13.jpg\" \/>\n<meta name=\"twitter:card\" content=\"summary_large_image\" \/>\n<meta name=\"twitter:label1\" content=\"Est. reading time\" \/>\n\t<meta name=\"twitter:data1\" content=\"1 minute\" \/>\n<script type=\"application\/ld+json\" class=\"yoast-schema-graph\">{\"@context\":\"https:\/\/schema.org\",\"@graph\":[{\"@type\":\"WebPage\",\"@id\":\"https:\/\/www.navitas.pt\/en\/residential-buildings\/\",\"url\":\"https:\/\/www.navitas.pt\/en\/residential-buildings\/\",\"name\":\"Residential buildings - Navitas\",\"isPartOf\":{\"@id\":\"https:\/\/www.navitas.pt\/en\/#website\"},\"datePublished\":\"2022-02-28T14:07:55+00:00\",\"dateModified\":\"2023-04-23T22:27:46+00:00\",\"breadcrumb\":{\"@id\":\"https:\/\/www.navitas.pt\/en\/residential-buildings\/#breadcrumb\"},\"inLanguage\":\"en-US\",\"potentialAction\":[{\"@type\":\"ReadAction\",\"target\":[\"https:\/\/www.navitas.pt\/en\/residential-buildings\/\"]}]},{\"@type\":\"BreadcrumbList\",\"@id\":\"https:\/\/www.navitas.pt\/en\/residential-buildings\/#breadcrumb\",\"itemListElement\":[{\"@type\":\"ListItem\",\"position\":1,\"name\":\"In\u00edcio\",\"item\":\"https:\/\/www.navitas.pt\/en\/\"},{\"@type\":\"ListItem\",\"position\":2,\"name\":\"Residential buildings\"}]},{\"@type\":\"WebSite\",\"@id\":\"https:\/\/www.navitas.pt\/en\/#website\",\"url\":\"https:\/\/www.navitas.pt\/en\/\",\"name\":\"Navitas\",\"description\":\"Presta servi\u00e7os de excel\u00eancia no mercado da consultoria e do projeto de engenharia sendo uma refer\u00eancia de qualidade\",\"potentialAction\":[{\"@type\":\"SearchAction\",\"target\":{\"@type\":\"EntryPoint\",\"urlTemplate\":\"https:\/\/www.navitas.pt\/en\/?s={search_term_string}\"},\"query-input\":\"required name=search_term_string\"}],\"inLanguage\":\"en-US\"}]}<\/script>\n<!-- \/ Yoast SEO plugin. -->","yoast_head_json":{"title":"Residential buildings - Navitas","robots":{"index":"index","follow":"follow","max-snippet":"max-snippet:-1","max-image-preview":"max-image-preview:large","max-video-preview":"max-video-preview:-1"},"canonical":"https:\/\/www.navitas.pt\/en\/residential-buildings\/","og_locale":"en_US","og_type":"article","og_title":"Residential buildings - Navitas","og_description":"Residential buildings Some reference works: \u2022 Conceptual and detailed Design of HVAC systems for the Sottomayor Residences complex, in Lisbon, Coporgest;\u2022 Conceptual and detailed Design of the HVAC systems for the Rodrigues Sampaio building, 2, in Lisbon, Coporgest;\u2022 Conceptual and detailed Design of the HVAC systems for the S\u00e3o Ciro building, 2 to 12, in [&hellip;]","og_url":"https:\/\/www.navitas.pt\/en\/residential-buildings\/","og_site_name":"Navitas","article_modified_time":"2023-04-23T22:27:46+00:00","og_image":[{"url":"https:\/\/www.navitas.pt\/wp-content\/uploads\/2022\/10\/base13.jpg"}],"twitter_card":"summary_large_image","twitter_misc":{"Est. reading time":"1 minute"},"schema":{"@context":"https:\/\/schema.org","@graph":[{"@type":"WebPage","@id":"https:\/\/www.navitas.pt\/en\/residential-buildings\/","url":"https:\/\/www.navitas.pt\/en\/residential-buildings\/","name":"Residential buildings - Navitas","isPartOf":{"@id":"https:\/\/www.navitas.pt\/en\/#website"},"datePublished":"2022-02-28T14:07:55+00:00","dateModified":"2023-04-23T22:27:46+00:00","breadcrumb":{"@id":"https:\/\/www.navitas.pt\/en\/residential-buildings\/#breadcrumb"},"inLanguage":"en-US","potentialAction":[{"@type":"ReadAction","target":["https:\/\/www.navitas.pt\/en\/residential-buildings\/"]}]},{"@type":"BreadcrumbList","@id":"https:\/\/www.navitas.pt\/en\/residential-buildings\/#breadcrumb","itemListElement":[{"@type":"ListItem","position":1,"name":"In\u00edcio","item":"https:\/\/www.navitas.pt\/en\/"},{"@type":"ListItem","position":2,"name":"Residential buildings"}]},{"@type":"WebSite","@id":"https:\/\/www.navitas.pt\/en\/#website","url":"https:\/\/www.navitas.pt\/en\/","name":"Navitas","description":"Presta servi\u00e7os de excel\u00eancia no mercado da consultoria e do projeto de engenharia sendo uma refer\u00eancia de qualidade","potentialAction":[{"@type":"SearchAction","target":{"@type":"EntryPoint","urlTemplate":"https:\/\/www.navitas.pt\/en\/?s={search_term_string}"},"query-input":"required name=search_term_string"}],"inLanguage":"en-US"}]}},"_links":{"self":[{"href":"https:\/\/www.navitas.pt\/en\/wp-json\/wp\/v2\/pages\/1834","targetHints":{"allow":["GET"]}}],"collection":[{"href":"https:\/\/www.navitas.pt\/en\/wp-json\/wp\/v2\/pages"}],"about":[{"href":"https:\/\/www.navitas.pt\/en\/wp-json\/wp\/v2\/types\/page"}],"author":[{"embeddable":true,"href":"https:\/\/www.navitas.pt\/en\/wp-json\/wp\/v2\/users\/2"}],"replies":[{"embeddable":true,"href":"https:\/\/www.navitas.pt\/en\/wp-json\/wp\/v2\/comments?post=1834"}],"version-history":[{"count":2,"href":"https:\/\/www.navitas.pt\/en\/wp-json\/wp\/v2\/pages\/1834\/revisions"}],"predecessor-version":[{"id":1962,"href":"https:\/\/www.navitas.pt\/en\/wp-json\/wp\/v2\/pages\/1834\/revisions\/1962"}],"wp:attachment":[{"href":"https:\/\/www.navitas.pt\/en\/wp-json\/wp\/v2\/media?parent=1834"}],"curies":[{"name":"wp","href":"https:\/\/api.w.org\/{rel}","templated":true}]}}