{"id":1832,"date":"2022-06-23T12:29:03","date_gmt":"2022-06-23T12:29:03","guid":{"rendered":"https:\/\/www.navitas.pt\/hotels-and-similar\/"},"modified":"2023-04-10T10:32:40","modified_gmt":"2023-04-10T10:32:40","slug":"hotels-and-similar","status":"publish","type":"page","link":"https:\/\/www.navitas.pt\/en\/hotels-and-similar\/","title":{"rendered":"Hotels and similar"},"content":{"rendered":"\t\t<div data-elementor-type=\"wp-page\" data-elementor-id=\"1832\" class=\"elementor elementor-1832 elementor-1054\">\n\t\t\t\t\t\t<div class=\"elementor-inner\">\n\t\t\t\t<div class=\"elementor-section-wrap\">\n\t\t\t\t\t\t\t\t\t<section class=\"elementor-section elementor-top-section elementor-element elementor-element-2dca8e2 elementor-section-boxed elementor-section-height-default elementor-section-height-default\" data-id=\"2dca8e2\" data-element_type=\"section\" data-settings=\"{&quot;background_background&quot;:&quot;classic&quot;}\">\n\t\t\t\t\t\t\t<div class=\"elementor-background-overlay\"><\/div>\n\t\t\t\t\t\t\t<div class=\"elementor-container elementor-column-gap-default\">\n\t\t\t\t\t\t\t<div class=\"elementor-row\">\n\t\t\t\t\t<div class=\"elementor-column elementor-col-100 elementor-top-column elementor-element elementor-element-9c44de8\" data-id=\"9c44de8\" data-element_type=\"column\">\n\t\t\t<div class=\"elementor-column-wrap elementor-element-populated\">\n\t\t\t\t\t\t\t<div class=\"elementor-widget-wrap\">\n\t\t\t\t\t\t<div class=\"elementor-element elementor-element-1f1ac20 elementor-widget elementor-widget-heading\" data-id=\"1f1ac20\" data-element_type=\"widget\" data-widget_type=\"heading.default\">\n\t\t\t\t<div class=\"elementor-widget-container\">\n\t\t\t<h1 class=\"elementor-heading-title elementor-size-default\">Hotels and similar<\/h1>\t\t<\/div>\n\t\t\t\t<\/div>\n\t\t\t\t\t\t<\/div>\n\t\t\t\t\t<\/div>\n\t\t<\/div>\n\t\t\t\t\t\t\t\t<\/div>\n\t\t\t\t\t<\/div>\n\t\t<\/section>\n\t\t\t\t<section class=\"elementor-section elementor-top-section elementor-element elementor-element-f25b20b elementor-section-boxed elementor-section-height-default elementor-section-height-default\" data-id=\"f25b20b\" data-element_type=\"section\">\n\t\t\t\t\t\t<div class=\"elementor-container elementor-column-gap-default\">\n\t\t\t\t\t\t\t<div class=\"elementor-row\">\n\t\t\t\t\t<div class=\"elementor-column elementor-col-100 elementor-top-column elementor-element elementor-element-d1b8384\" data-id=\"d1b8384\" data-element_type=\"column\">\n\t\t\t<div class=\"elementor-column-wrap elementor-element-populated\">\n\t\t\t\t\t\t\t<div class=\"elementor-widget-wrap\">\n\t\t\t\t\t\t<section class=\"elementor-section elementor-inner-section elementor-element elementor-element-8f44b55 elementor-section-full_width elementor-section-height-default elementor-section-height-default\" data-id=\"8f44b55\" data-element_type=\"section\">\n\t\t\t\t\t\t\t<div class=\"elementor-background-overlay\"><\/div>\n\t\t\t\t\t\t\t<div class=\"elementor-container elementor-column-gap-extended\">\n\t\t\t\t\t\t\t<div class=\"elementor-row\">\n\t\t\t\t\t<div class=\"elementor-column elementor-col-100 elementor-inner-column elementor-element elementor-element-7a99ca4\" data-id=\"7a99ca4\" data-element_type=\"column\" data-settings=\"{&quot;background_background&quot;:&quot;classic&quot;}\">\n\t\t\t<div class=\"elementor-column-wrap elementor-element-populated\">\n\t\t\t\t\t<div class=\"elementor-background-overlay\"><\/div>\n\t\t\t\t\t\t\t<div class=\"elementor-widget-wrap\">\n\t\t\t\t\t\t<div class=\"elementor-element elementor-element-a38cd0a elementor-widget elementor-widget-text-editor\" data-id=\"a38cd0a\" data-element_type=\"widget\" data-widget_type=\"text-editor.default\">\n\t\t\t\t<div class=\"elementor-widget-container\">\n\t\t\t\t\t\t\t\t<div class=\"elementor-text-editor elementor-clearfix\">\n\t\t\t\t<p>Some reference works:<\/p>\n\t\t\t\t\t<\/div>\n\t\t\t\t\t\t<\/div>\n\t\t\t\t<\/div>\n\t\t\t\t\t\t<\/div>\n\t\t\t\t\t<\/div>\n\t\t<\/div>\n\t\t\t\t\t\t\t\t<\/div>\n\t\t\t\t\t<\/div>\n\t\t<\/section>\n\t\t\t\t\t\t<\/div>\n\t\t\t\t\t<\/div>\n\t\t<\/div>\n\t\t\t\t\t\t\t\t<\/div>\n\t\t\t\t\t<\/div>\n\t\t<\/section>\n\t\t\t\t<section class=\"elementor-section elementor-top-section elementor-element elementor-element-9b9554c elementor-section-boxed elementor-section-height-default elementor-section-height-default\" data-id=\"9b9554c\" data-element_type=\"section\" data-settings=\"{&quot;background_background&quot;:&quot;gradient&quot;}\">\n\t\t\t\t\t\t\t<div class=\"elementor-background-overlay\"><\/div>\n\t\t\t\t\t\t\t<div class=\"elementor-container elementor-column-gap-default\">\n\t\t\t\t\t\t\t<div class=\"elementor-row\">\n\t\t\t\t\t<div class=\"elementor-column elementor-col-50 elementor-top-column elementor-element elementor-element-3443a85\" data-id=\"3443a85\" data-element_type=\"column\">\n\t\t\t<div class=\"elementor-column-wrap elementor-element-populated\">\n\t\t\t\t\t\t\t<div class=\"elementor-widget-wrap\">\n\t\t\t\t\t\t<div class=\"elementor-element elementor-element-2049580 elementor-widget elementor-widget-text-editor\" data-id=\"2049580\" data-element_type=\"widget\" data-widget_type=\"text-editor.default\">\n\t\t\t\t<div class=\"elementor-widget-container\">\n\t\t\t\t\t\t\t\t<div class=\"elementor-text-editor elementor-clearfix\">\n\t\t\t\t<ul>\n<li>Conceptual and detailed Design, supervision of construction works and support for the operation for eight years of the HVAC systems for the Hotel Ritz, in Lisbon (experience of Carlos Lisboa, prior to the creation of NAVITAS);<\/li>\n<li>Conceptual and detailed Design of the HVAC systems for the Hotel Ollissipo Marqu\u00eas de S\u00e1, in Lisbon;<\/li>\n<li>Conceptual and detailed Design of the HVAC systems for the Hotel Ollissipo Castelo, in Lisbon;<\/li>\n<li>Conceptual and detailed Design of the ventilation systems in the kitchen of the Hotel Ollissipo Lapa Palace, in Lisbon;<\/li>\n<li>Conceptual and detailed Design of the HVAC systems for the Hotel Tivoli Seteais, in Sintra;<\/li>\n<\/ul>\n\t\t\t\t\t<\/div>\n\t\t\t\t\t\t<\/div>\n\t\t\t\t<\/div>\n\t\t\t\t\t\t<\/div>\n\t\t\t\t\t<\/div>\n\t\t<\/div>\n\t\t\t\t<div class=\"elementor-column elementor-col-50 elementor-top-column elementor-element elementor-element-0f1e247\" data-id=\"0f1e247\" data-element_type=\"column\">\n\t\t\t<div class=\"elementor-column-wrap elementor-element-populated\">\n\t\t\t\t\t\t\t<div class=\"elementor-widget-wrap\">\n\t\t\t\t\t\t<section class=\"elementor-section elementor-inner-section elementor-element elementor-element-4a249ec elementor-section-boxed elementor-section-height-default elementor-section-height-default\" data-id=\"4a249ec\" data-element_type=\"section\">\n\t\t\t\t\t\t<div class=\"elementor-container elementor-column-gap-default\">\n\t\t\t\t\t\t\t<div class=\"elementor-row\">\n\t\t\t\t\t<div class=\"elementor-column elementor-col-100 elementor-inner-column elementor-element elementor-element-dd144f3 animated-slow elementor-invisible\" data-id=\"dd144f3\" data-element_type=\"column\" data-settings=\"{&quot;animation&quot;:&quot;fadeInDown&quot;}\">\n\t\t\t<div class=\"elementor-column-wrap elementor-element-populated\">\n\t\t\t\t\t\t\t<div class=\"elementor-widget-wrap\">\n\t\t\t\t\t\t<div class=\"elementor-element elementor-element-c84d59a animated-slow elementor-widget__width-initial elementor-invisible elementor-widget elementor-widget-image\" data-id=\"c84d59a\" data-element_type=\"widget\" data-settings=\"{&quot;_animation&quot;:&quot;zoomIn&quot;}\" data-widget_type=\"image.default\">\n\t\t\t\t<div class=\"elementor-widget-container\">\n\t\t\t\t\t\t\t\t<div class=\"elementor-image\">\n\t\t\t\t\t\t\t\t\t\t\t\t<img loading=\"lazy\" decoding=\"async\" width=\"760\" height=\"507\" src=\"https:\/\/www.navitas.pt\/wp-content\/uploads\/2022\/06\/ritz.jpg\" class=\"attachment-large size-large wp-image-1053\" alt=\"\" srcset=\"https:\/\/www.navitas.pt\/wp-content\/uploads\/2022\/06\/ritz.jpg 760w, https:\/\/www.navitas.pt\/wp-content\/uploads\/2022\/06\/ritz-300x200.jpg 300w\" sizes=\"auto, (max-width: 760px) 100vw, 760px\" \/>\t\t\t\t\t\t\t\t\t\t\t\t\t\t<\/div>\n\t\t\t\t\t\t<\/div>\n\t\t\t\t<\/div>\n\t\t\t\t\t\t<\/div>\n\t\t\t\t\t<\/div>\n\t\t<\/div>\n\t\t\t\t\t\t\t\t<\/div>\n\t\t\t\t\t<\/div>\n\t\t<\/section>\n\t\t\t\t\t\t<\/div>\n\t\t\t\t\t<\/div>\n\t\t<\/div>\n\t\t\t\t\t\t\t\t<\/div>\n\t\t\t\t\t<\/div>\n\t\t<\/section>\n\t\t\t\t<section class=\"elementor-section elementor-top-section elementor-element elementor-element-37a8768 elementor-section-boxed elementor-section-height-default elementor-section-height-default\" data-id=\"37a8768\" data-element_type=\"section\">\n\t\t\t\t\t\t<div class=\"elementor-container elementor-column-gap-default\">\n\t\t\t\t\t\t\t<div class=\"elementor-row\">\n\t\t\t\t\t<div class=\"elementor-column elementor-col-100 elementor-top-column elementor-element elementor-element-e89e4d1\" data-id=\"e89e4d1\" data-element_type=\"column\">\n\t\t\t<div class=\"elementor-column-wrap elementor-element-populated\">\n\t\t\t\t\t\t\t<div class=\"elementor-widget-wrap\">\n\t\t\t\t\t\t<section class=\"elementor-section elementor-inner-section elementor-element elementor-element-a60466f elementor-section-boxed elementor-section-height-default elementor-section-height-default\" data-id=\"a60466f\" data-element_type=\"section\">\n\t\t\t\t\t\t<div class=\"elementor-container elementor-column-gap-extended\">\n\t\t\t\t\t\t\t<div class=\"elementor-row\">\n\t\t\t\t\t<div class=\"elementor-column elementor-col-100 elementor-inner-column elementor-element elementor-element-1f3aaea\" data-id=\"1f3aaea\" data-element_type=\"column\">\n\t\t\t<div class=\"elementor-column-wrap elementor-element-populated\">\n\t\t\t\t\t\t\t<div class=\"elementor-widget-wrap\">\n\t\t\t\t\t\t<div class=\"elementor-element elementor-element-742a239 elementor-widget-divider--view-line elementor-widget elementor-widget-divider\" data-id=\"742a239\" data-element_type=\"widget\" data-widget_type=\"divider.default\">\n\t\t\t\t<div class=\"elementor-widget-container\">\n\t\t\t\t\t<div class=\"elementor-divider\">\n\t\t\t<span class=\"elementor-divider-separator\">\n\t\t\t\t\t\t<\/span>\n\t\t<\/div>\n\t\t\t\t<\/div>\n\t\t\t\t<\/div>\n\t\t\t\t<div class=\"elementor-element elementor-element-3bc442a elementor-widget-divider--view-line elementor-widget elementor-widget-divider\" data-id=\"3bc442a\" data-element_type=\"widget\" data-widget_type=\"divider.default\">\n\t\t\t\t<div class=\"elementor-widget-container\">\n\t\t\t\t\t<div class=\"elementor-divider\">\n\t\t\t<span class=\"elementor-divider-separator\">\n\t\t\t\t\t\t<\/span>\n\t\t<\/div>\n\t\t\t\t<\/div>\n\t\t\t\t<\/div>\n\t\t\t\t\t\t<\/div>\n\t\t\t\t\t<\/div>\n\t\t<\/div>\n\t\t\t\t\t\t\t\t<\/div>\n\t\t\t\t\t<\/div>\n\t\t<\/section>\n\t\t\t\t\t\t<\/div>\n\t\t\t\t\t<\/div>\n\t\t<\/div>\n\t\t\t\t\t\t\t\t<\/div>\n\t\t\t\t\t<\/div>\n\t\t<\/section>\n\t\t\t\t<section class=\"elementor-section elementor-top-section elementor-element elementor-element-c816236 elementor-section-boxed elementor-section-height-default elementor-section-height-default\" data-id=\"c816236\" data-element_type=\"section\">\n\t\t\t\t\t\t\t<div class=\"elementor-background-overlay\"><\/div>\n\t\t\t\t\t\t\t<div class=\"elementor-container elementor-column-gap-default\">\n\t\t\t\t\t\t\t<div class=\"elementor-row\">\n\t\t\t\t\t<div class=\"elementor-column elementor-col-50 elementor-top-column elementor-element elementor-element-f967bd2\" data-id=\"f967bd2\" data-element_type=\"column\">\n\t\t\t<div class=\"elementor-column-wrap elementor-element-populated\">\n\t\t\t\t\t\t\t<div class=\"elementor-widget-wrap\">\n\t\t\t\t\t\t<div class=\"elementor-element elementor-element-f10364c animated-slow elementor-widget__width-initial elementor-invisible elementor-widget elementor-widget-image\" data-id=\"f10364c\" data-element_type=\"widget\" data-settings=\"{&quot;_animation&quot;:&quot;zoomIn&quot;}\" data-widget_type=\"image.default\">\n\t\t\t\t<div class=\"elementor-widget-container\">\n\t\t\t\t\t\t\t\t<div class=\"elementor-image\">\n\t\t\t\t\t\t\t\t\t\t\t\t<img loading=\"lazy\" decoding=\"async\" width=\"761\" height=\"509\" src=\"https:\/\/www.navitas.pt\/wp-content\/uploads\/2022\/10\/base9.jpg\" class=\"attachment-large size-large wp-image-1633\" alt=\"\" srcset=\"https:\/\/www.navitas.pt\/wp-content\/uploads\/2022\/10\/base9.jpg 761w, https:\/\/www.navitas.pt\/wp-content\/uploads\/2022\/10\/base9-300x201.jpg 300w\" sizes=\"auto, (max-width: 761px) 100vw, 761px\" \/>\t\t\t\t\t\t\t\t\t\t\t\t\t\t<\/div>\n\t\t\t\t\t\t<\/div>\n\t\t\t\t<\/div>\n\t\t\t\t\t\t<\/div>\n\t\t\t\t\t<\/div>\n\t\t<\/div>\n\t\t\t\t<div class=\"elementor-column elementor-col-50 elementor-top-column elementor-element elementor-element-54a7cc4\" data-id=\"54a7cc4\" data-element_type=\"column\">\n\t\t\t<div class=\"elementor-column-wrap elementor-element-populated\">\n\t\t\t\t\t\t\t<div class=\"elementor-widget-wrap\">\n\t\t\t\t\t\t<section class=\"elementor-section elementor-inner-section elementor-element elementor-element-017679b elementor-section-boxed elementor-section-height-default elementor-section-height-default\" data-id=\"017679b\" data-element_type=\"section\">\n\t\t\t\t\t\t<div class=\"elementor-container elementor-column-gap-default\">\n\t\t\t\t\t\t\t<div class=\"elementor-row\">\n\t\t\t\t\t<div class=\"elementor-column elementor-col-100 elementor-inner-column elementor-element elementor-element-76e8444\" data-id=\"76e8444\" data-element_type=\"column\">\n\t\t\t<div class=\"elementor-column-wrap elementor-element-populated\">\n\t\t\t\t\t\t\t<div class=\"elementor-widget-wrap\">\n\t\t\t\t\t\t<div class=\"elementor-element elementor-element-bab80f9 elementor-widget elementor-widget-text-editor\" data-id=\"bab80f9\" data-element_type=\"widget\" data-widget_type=\"text-editor.default\">\n\t\t\t\t<div class=\"elementor-widget-container\">\n\t\t\t\t\t\t\t\t<div class=\"elementor-text-editor elementor-clearfix\">\n\t\t\t\t<ul>\n<li>Conceptual and detailed Design of the HVAC systems for the Hotel Pousada de Belmonte, in Belmonte;<\/li>\n<li>Conceptual and detailed Design of the HVAC systems of the &#8220;100 Maneiras&#8221; Restaurant, in Lisbon;<\/li>\n<li>Energy audit and Conceptual and Detailed Design of the solar thermal system for the Hotel Vila Baleira, in Porto Santo;<\/li>\n<li>Energy audit of the Hotel Martinhal, in the Algarve;<\/li>\n<li>Detailed dynamic energy simulation of the &#8220;<em>South Residence Halls<\/em>&#8221; buildings (34,000 m<sup>2<\/sup>) at <em>Ohio State University<\/em>, USA;<\/li>\n<li>Energy audit of the Hotel Monchique Resort&amp;SPA, in Monchique<\/li>\n<li>Design Review and supervision of the construction works of the HVAC systems for the Hotel do Salvador, in Lisbon.<\/li>\n<\/ul>\n\t\t\t\t\t<\/div>\n\t\t\t\t\t\t<\/div>\n\t\t\t\t<\/div>\n\t\t\t\t\t\t<\/div>\n\t\t\t\t\t<\/div>\n\t\t<\/div>\n\t\t\t\t\t\t\t\t<\/div>\n\t\t\t\t\t<\/div>\n\t\t<\/section>\n\t\t\t\t\t\t<\/div>\n\t\t\t\t\t<\/div>\n\t\t<\/div>\n\t\t\t\t\t\t\t\t<\/div>\n\t\t\t\t\t<\/div>\n\t\t<\/section>\n\t\t\t\t\t\t\t\t\t<\/div>\n\t\t\t<\/div>\n\t\t\t\t\t<\/div>\n\t\t","protected":false},"excerpt":{"rendered":"<p>Hotels and similar Some reference works: Conceptual and detailed Design, supervision of construction works and support for the operation for eight years of the HVAC systems for the Hotel Ritz, in Lisbon (experience of Carlos Lisboa, prior to the creation of NAVITAS); Conceptual and detailed Design of the HVAC systems for the Hotel Ollissipo Marqu\u00eas [&hellip;]<\/p>\n","protected":false},"author":2,"featured_media":0,"parent":0,"menu_order":0,"comment_status":"closed","ping_status":"closed","template":"elementor_header_footer","meta":{"footnotes":""},"class_list":["post-1832","page","type-page","status-publish","hentry"],"yoast_head":"<!-- This site is optimized with the Yoast SEO plugin v20.8 - https:\/\/yoast.com\/wordpress\/plugins\/seo\/ -->\n<title>Hotels and similar - Navitas<\/title>\n<meta name=\"robots\" content=\"index, follow, max-snippet:-1, max-image-preview:large, max-video-preview:-1\" \/>\n<link rel=\"canonical\" href=\"https:\/\/www.navitas.pt\/en\/hotels-and-similar\/\" \/>\n<meta property=\"og:locale\" content=\"en_US\" \/>\n<meta property=\"og:type\" content=\"article\" \/>\n<meta property=\"og:title\" content=\"Hotels and similar - Navitas\" \/>\n<meta property=\"og:description\" content=\"Hotels and similar Some reference works: Conceptual and detailed Design, supervision of construction works and support for the operation for eight years of the HVAC systems for the Hotel Ritz, in Lisbon (experience of Carlos Lisboa, prior to the creation of NAVITAS); Conceptual and detailed Design of the HVAC systems for the Hotel Ollissipo Marqu\u00eas [&hellip;]\" \/>\n<meta property=\"og:url\" content=\"https:\/\/www.navitas.pt\/en\/hotels-and-similar\/\" \/>\n<meta property=\"og:site_name\" content=\"Navitas\" \/>\n<meta property=\"article:modified_time\" content=\"2023-04-10T10:32:40+00:00\" \/>\n<meta property=\"og:image\" content=\"https:\/\/www.navitas.pt\/wp-content\/uploads\/2022\/06\/ritz.jpg\" \/>\n<meta name=\"twitter:card\" content=\"summary_large_image\" \/>\n<meta name=\"twitter:label1\" content=\"Est. reading time\" \/>\n\t<meta name=\"twitter:data1\" content=\"1 minute\" \/>\n<script type=\"application\/ld+json\" class=\"yoast-schema-graph\">{\"@context\":\"https:\/\/schema.org\",\"@graph\":[{\"@type\":\"WebPage\",\"@id\":\"https:\/\/www.navitas.pt\/en\/hotels-and-similar\/\",\"url\":\"https:\/\/www.navitas.pt\/en\/hotels-and-similar\/\",\"name\":\"Hotels and similar - Navitas\",\"isPartOf\":{\"@id\":\"https:\/\/www.navitas.pt\/en\/#website\"},\"datePublished\":\"2022-06-23T12:29:03+00:00\",\"dateModified\":\"2023-04-10T10:32:40+00:00\",\"breadcrumb\":{\"@id\":\"https:\/\/www.navitas.pt\/en\/hotels-and-similar\/#breadcrumb\"},\"inLanguage\":\"en-US\",\"potentialAction\":[{\"@type\":\"ReadAction\",\"target\":[\"https:\/\/www.navitas.pt\/en\/hotels-and-similar\/\"]}]},{\"@type\":\"BreadcrumbList\",\"@id\":\"https:\/\/www.navitas.pt\/en\/hotels-and-similar\/#breadcrumb\",\"itemListElement\":[{\"@type\":\"ListItem\",\"position\":1,\"name\":\"In\u00edcio\",\"item\":\"https:\/\/www.navitas.pt\/en\/\"},{\"@type\":\"ListItem\",\"position\":2,\"name\":\"Hotels and similar\"}]},{\"@type\":\"WebSite\",\"@id\":\"https:\/\/www.navitas.pt\/en\/#website\",\"url\":\"https:\/\/www.navitas.pt\/en\/\",\"name\":\"Navitas\",\"description\":\"Presta servi\u00e7os de excel\u00eancia no mercado da consultoria e do projeto de engenharia sendo uma refer\u00eancia de qualidade\",\"potentialAction\":[{\"@type\":\"SearchAction\",\"target\":{\"@type\":\"EntryPoint\",\"urlTemplate\":\"https:\/\/www.navitas.pt\/en\/?s={search_term_string}\"},\"query-input\":\"required name=search_term_string\"}],\"inLanguage\":\"en-US\"}]}<\/script>\n<!-- \/ Yoast SEO plugin. -->","yoast_head_json":{"title":"Hotels and similar - Navitas","robots":{"index":"index","follow":"follow","max-snippet":"max-snippet:-1","max-image-preview":"max-image-preview:large","max-video-preview":"max-video-preview:-1"},"canonical":"https:\/\/www.navitas.pt\/en\/hotels-and-similar\/","og_locale":"en_US","og_type":"article","og_title":"Hotels and similar - Navitas","og_description":"Hotels and similar Some reference works: Conceptual and detailed Design, supervision of construction works and support for the operation for eight years of the HVAC systems for the Hotel Ritz, in Lisbon (experience of Carlos Lisboa, prior to the creation of NAVITAS); Conceptual and detailed Design of the HVAC systems for the Hotel Ollissipo Marqu\u00eas [&hellip;]","og_url":"https:\/\/www.navitas.pt\/en\/hotels-and-similar\/","og_site_name":"Navitas","article_modified_time":"2023-04-10T10:32:40+00:00","og_image":[{"url":"https:\/\/www.navitas.pt\/wp-content\/uploads\/2022\/06\/ritz.jpg"}],"twitter_card":"summary_large_image","twitter_misc":{"Est. reading time":"1 minute"},"schema":{"@context":"https:\/\/schema.org","@graph":[{"@type":"WebPage","@id":"https:\/\/www.navitas.pt\/en\/hotels-and-similar\/","url":"https:\/\/www.navitas.pt\/en\/hotels-and-similar\/","name":"Hotels and similar - Navitas","isPartOf":{"@id":"https:\/\/www.navitas.pt\/en\/#website"},"datePublished":"2022-06-23T12:29:03+00:00","dateModified":"2023-04-10T10:32:40+00:00","breadcrumb":{"@id":"https:\/\/www.navitas.pt\/en\/hotels-and-similar\/#breadcrumb"},"inLanguage":"en-US","potentialAction":[{"@type":"ReadAction","target":["https:\/\/www.navitas.pt\/en\/hotels-and-similar\/"]}]},{"@type":"BreadcrumbList","@id":"https:\/\/www.navitas.pt\/en\/hotels-and-similar\/#breadcrumb","itemListElement":[{"@type":"ListItem","position":1,"name":"In\u00edcio","item":"https:\/\/www.navitas.pt\/en\/"},{"@type":"ListItem","position":2,"name":"Hotels and similar"}]},{"@type":"WebSite","@id":"https:\/\/www.navitas.pt\/en\/#website","url":"https:\/\/www.navitas.pt\/en\/","name":"Navitas","description":"Presta servi\u00e7os de excel\u00eancia no mercado da consultoria e do projeto de engenharia sendo uma refer\u00eancia de qualidade","potentialAction":[{"@type":"SearchAction","target":{"@type":"EntryPoint","urlTemplate":"https:\/\/www.navitas.pt\/en\/?s={search_term_string}"},"query-input":"required name=search_term_string"}],"inLanguage":"en-US"}]}},"_links":{"self":[{"href":"https:\/\/www.navitas.pt\/en\/wp-json\/wp\/v2\/pages\/1832","targetHints":{"allow":["GET"]}}],"collection":[{"href":"https:\/\/www.navitas.pt\/en\/wp-json\/wp\/v2\/pages"}],"about":[{"href":"https:\/\/www.navitas.pt\/en\/wp-json\/wp\/v2\/types\/page"}],"author":[{"embeddable":true,"href":"https:\/\/www.navitas.pt\/en\/wp-json\/wp\/v2\/users\/2"}],"replies":[{"embeddable":true,"href":"https:\/\/www.navitas.pt\/en\/wp-json\/wp\/v2\/comments?post=1832"}],"version-history":[{"count":1,"href":"https:\/\/www.navitas.pt\/en\/wp-json\/wp\/v2\/pages\/1832\/revisions"}],"predecessor-version":[{"id":1833,"href":"https:\/\/www.navitas.pt\/en\/wp-json\/wp\/v2\/pages\/1832\/revisions\/1833"}],"wp:attachment":[{"href":"https:\/\/www.navitas.pt\/en\/wp-json\/wp\/v2\/media?parent=1832"}],"curies":[{"name":"wp","href":"https:\/\/api.w.org\/{rel}","templated":true}]}}