{"id":1830,"date":"2022-02-28T12:54:23","date_gmt":"2022-02-28T12:54:23","guid":{"rendered":"https:\/\/www.navitas.pt\/industry\/"},"modified":"2023-04-23T22:26:36","modified_gmt":"2023-04-23T22:26:36","slug":"industry","status":"publish","type":"page","link":"https:\/\/www.navitas.pt\/en\/industry\/","title":{"rendered":"Industry"},"content":{"rendered":"\t\t<div data-elementor-type=\"wp-page\" data-elementor-id=\"1830\" class=\"elementor elementor-1830 elementor-409\">\n\t\t\t\t\t\t<div class=\"elementor-inner\">\n\t\t\t\t<div class=\"elementor-section-wrap\">\n\t\t\t\t\t\t\t\t\t<section class=\"elementor-section elementor-top-section elementor-element elementor-element-2dca8e2 elementor-section-boxed elementor-section-height-default elementor-section-height-default\" data-id=\"2dca8e2\" data-element_type=\"section\" data-settings=\"{&quot;background_background&quot;:&quot;classic&quot;}\">\n\t\t\t\t\t\t\t<div class=\"elementor-background-overlay\"><\/div>\n\t\t\t\t\t\t\t<div class=\"elementor-container elementor-column-gap-default\">\n\t\t\t\t\t\t\t<div class=\"elementor-row\">\n\t\t\t\t\t<div class=\"elementor-column elementor-col-100 elementor-top-column elementor-element elementor-element-9c44de8\" data-id=\"9c44de8\" data-element_type=\"column\">\n\t\t\t<div class=\"elementor-column-wrap elementor-element-populated\">\n\t\t\t\t\t\t\t<div class=\"elementor-widget-wrap\">\n\t\t\t\t\t\t<div class=\"elementor-element elementor-element-1f1ac20 elementor-widget elementor-widget-heading\" data-id=\"1f1ac20\" data-element_type=\"widget\" data-widget_type=\"heading.default\">\n\t\t\t\t<div class=\"elementor-widget-container\">\n\t\t\t<h1 class=\"elementor-heading-title elementor-size-default\">Industry<\/h1>\t\t<\/div>\n\t\t\t\t<\/div>\n\t\t\t\t\t\t<\/div>\n\t\t\t\t\t<\/div>\n\t\t<\/div>\n\t\t\t\t\t\t\t\t<\/div>\n\t\t\t\t\t<\/div>\n\t\t<\/section>\n\t\t\t\t<section class=\"elementor-section elementor-top-section elementor-element elementor-element-2003cb8 elementor-section-boxed elementor-section-height-default elementor-section-height-default\" data-id=\"2003cb8\" data-element_type=\"section\">\n\t\t\t\t\t\t<div class=\"elementor-container elementor-column-gap-default\">\n\t\t\t\t\t\t\t<div class=\"elementor-row\">\n\t\t\t\t\t<div class=\"elementor-column elementor-col-100 elementor-top-column elementor-element elementor-element-8643424\" data-id=\"8643424\" data-element_type=\"column\">\n\t\t\t<div class=\"elementor-column-wrap elementor-element-populated\">\n\t\t\t\t\t\t\t<div class=\"elementor-widget-wrap\">\n\t\t\t\t\t\t<section class=\"elementor-section elementor-inner-section elementor-element elementor-element-dcc988f elementor-section-full_width elementor-section-height-default elementor-section-height-default\" data-id=\"dcc988f\" data-element_type=\"section\">\n\t\t\t\t\t\t\t<div class=\"elementor-background-overlay\"><\/div>\n\t\t\t\t\t\t\t<div class=\"elementor-container elementor-column-gap-extended\">\n\t\t\t\t\t\t\t<div class=\"elementor-row\">\n\t\t\t\t\t<div class=\"elementor-column elementor-col-100 elementor-inner-column elementor-element elementor-element-25891af\" data-id=\"25891af\" data-element_type=\"column\" data-settings=\"{&quot;background_background&quot;:&quot;classic&quot;}\">\n\t\t\t<div class=\"elementor-column-wrap elementor-element-populated\">\n\t\t\t\t\t<div class=\"elementor-background-overlay\"><\/div>\n\t\t\t\t\t\t\t<div class=\"elementor-widget-wrap\">\n\t\t\t\t\t\t<div class=\"elementor-element elementor-element-c40c8a7 elementor-widget elementor-widget-text-editor\" data-id=\"c40c8a7\" data-element_type=\"widget\" data-widget_type=\"text-editor.default\">\n\t\t\t\t<div class=\"elementor-widget-container\">\n\t\t\t\t\t\t\t\t<div class=\"elementor-text-editor elementor-clearfix\">\n\t\t\t\t<p>Some reference works:<\/p>\n\t\t\t\t\t<\/div>\n\t\t\t\t\t\t<\/div>\n\t\t\t\t<\/div>\n\t\t\t\t\t\t<\/div>\n\t\t\t\t\t<\/div>\n\t\t<\/div>\n\t\t\t\t\t\t\t\t<\/div>\n\t\t\t\t\t<\/div>\n\t\t<\/section>\n\t\t\t\t\t\t<\/div>\n\t\t\t\t\t<\/div>\n\t\t<\/div>\n\t\t\t\t\t\t\t\t<\/div>\n\t\t\t\t\t<\/div>\n\t\t<\/section>\n\t\t\t\t<section class=\"elementor-section elementor-top-section elementor-element elementor-element-2e07d1c elementor-section-boxed elementor-section-height-default elementor-section-height-default\" data-id=\"2e07d1c\" data-element_type=\"section\">\n\t\t\t\t\t\t\t<div class=\"elementor-background-overlay\"><\/div>\n\t\t\t\t\t\t\t<div class=\"elementor-container elementor-column-gap-default\">\n\t\t\t\t\t\t\t<div class=\"elementor-row\">\n\t\t\t\t\t<div class=\"elementor-column elementor-col-50 elementor-top-column elementor-element elementor-element-81675e3\" data-id=\"81675e3\" data-element_type=\"column\">\n\t\t\t<div class=\"elementor-column-wrap elementor-element-populated\">\n\t\t\t\t\t\t\t<div class=\"elementor-widget-wrap\">\n\t\t\t\t\t\t<div class=\"elementor-element elementor-element-02ee25c elementor-widget elementor-widget-text-editor\" data-id=\"02ee25c\" data-element_type=\"widget\" data-widget_type=\"text-editor.default\">\n\t\t\t\t<div class=\"elementor-widget-container\">\n\t\t\t\t\t\t\t\t<div class=\"elementor-text-editor elementor-clearfix\">\n\t\t\t\t<p><span style=\"color: #0074be;\"><strong>\u2022<\/strong><\/span> Conceptual and detailed design of HVAC systems for Visteon plant in Palmela;<br \/><span style=\"color: #0074be;\"><strong>\u2022<\/strong><\/span> Conceptual and detailed design of HVAC systems for Hanon plant in Palmela;<br \/><span style=\"color: #0074be;\"><strong>\u2022 <\/strong><\/span>Energy auditing of Recipharm (former Lusomedicamenta) plant in Queluz;<br \/><span style=\"color: #0074be;\"><strong>\u2022 <\/strong><\/span>Energy auditing of Recipharm (former Lusomedicamenta) plant in P\u00f3voa de S.Adri\u00e3o;<br \/><span style=\"color: #0074be;\"><strong>\u2022 <\/strong><\/span>Energy auditing of Genibet plant in Oeiras.<br \/><span style=\"color: #0074be;\"><strong>\u2022 <\/strong><\/span>Energy audit of Cateringpor plant, in Lisbon airport;<br \/><span style=\"color: #0074be;\"><strong>\u2022 <\/strong><\/span>Partial renovation of Cateringpor&#8217;s HVAC systems at Lisbon Airport;<\/p>\t\t\t\t\t<\/div>\n\t\t\t\t\t\t<\/div>\n\t\t\t\t<\/div>\n\t\t\t\t\t\t<\/div>\n\t\t\t\t\t<\/div>\n\t\t<\/div>\n\t\t\t\t<div class=\"elementor-column elementor-col-50 elementor-top-column elementor-element elementor-element-67498a0\" data-id=\"67498a0\" data-element_type=\"column\">\n\t\t\t<div class=\"elementor-column-wrap elementor-element-populated\">\n\t\t\t\t\t\t\t<div class=\"elementor-widget-wrap\">\n\t\t\t\t\t\t<section class=\"elementor-section elementor-inner-section elementor-element elementor-element-7bf5b83 elementor-section-boxed elementor-section-height-default elementor-section-height-default\" data-id=\"7bf5b83\" data-element_type=\"section\">\n\t\t\t\t\t\t<div class=\"elementor-container elementor-column-gap-default\">\n\t\t\t\t\t\t\t<div class=\"elementor-row\">\n\t\t\t\t\t<div class=\"elementor-column elementor-col-100 elementor-inner-column elementor-element elementor-element-4a125ea animated-slow elementor-invisible\" data-id=\"4a125ea\" data-element_type=\"column\" data-settings=\"{&quot;animation&quot;:&quot;fadeInDown&quot;}\">\n\t\t\t<div class=\"elementor-column-wrap elementor-element-populated\">\n\t\t\t\t\t\t\t<div class=\"elementor-widget-wrap\">\n\t\t\t\t\t\t<div class=\"elementor-element elementor-element-02c6ee6 elementor-widget elementor-widget-image\" data-id=\"02c6ee6\" data-element_type=\"widget\" data-widget_type=\"image.default\">\n\t\t\t\t<div class=\"elementor-widget-container\">\n\t\t\t\t\t\t\t\t<div class=\"elementor-image\">\n\t\t\t\t\t\t\t\t\t\t\t\t<img loading=\"lazy\" decoding=\"async\" width=\"800\" height=\"534\" src=\"https:\/\/www.navitas.pt\/wp-content\/uploads\/2022\/10\/base4-1024x683.jpg\" class=\"attachment-large size-large wp-image-1616\" alt=\"\" srcset=\"https:\/\/www.navitas.pt\/wp-content\/uploads\/2022\/10\/base4-1024x683.jpg 1024w, https:\/\/www.navitas.pt\/wp-content\/uploads\/2022\/10\/base4-300x200.jpg 300w, https:\/\/www.navitas.pt\/wp-content\/uploads\/2022\/10\/base4-768x512.jpg 768w, https:\/\/www.navitas.pt\/wp-content\/uploads\/2022\/10\/base4-1536x1024.jpg 1536w, https:\/\/www.navitas.pt\/wp-content\/uploads\/2022\/10\/base4-2048x1366.jpg 2048w\" sizes=\"auto, (max-width: 800px) 100vw, 800px\" \/>\t\t\t\t\t\t\t\t\t\t\t\t\t\t<\/div>\n\t\t\t\t\t\t<\/div>\n\t\t\t\t<\/div>\n\t\t\t\t\t\t<\/div>\n\t\t\t\t\t<\/div>\n\t\t<\/div>\n\t\t\t\t\t\t\t\t<\/div>\n\t\t\t\t\t<\/div>\n\t\t<\/section>\n\t\t\t\t\t\t<\/div>\n\t\t\t\t\t<\/div>\n\t\t<\/div>\n\t\t\t\t\t\t\t\t<\/div>\n\t\t\t\t\t<\/div>\n\t\t<\/section>\n\t\t\t\t\t\t\t\t\t<\/div>\n\t\t\t<\/div>\n\t\t\t\t\t<\/div>\n\t\t","protected":false},"excerpt":{"rendered":"<p>Industry Some reference works: \u2022 Conceptual and detailed design of HVAC systems for Visteon plant in Palmela;\u2022 Conceptual and detailed design of HVAC systems for Hanon plant in Palmela;\u2022 Energy auditing of Recipharm (former Lusomedicamenta) plant in Queluz;\u2022 Energy auditing of Recipharm (former Lusomedicamenta) plant in P\u00f3voa de S.Adri\u00e3o;\u2022 Energy auditing of Genibet plant in [&hellip;]<\/p>\n","protected":false},"author":2,"featured_media":0,"parent":0,"menu_order":0,"comment_status":"closed","ping_status":"closed","template":"elementor_header_footer","meta":{"footnotes":""},"class_list":["post-1830","page","type-page","status-publish","hentry"],"yoast_head":"<!-- This site is optimized with the Yoast SEO plugin v20.8 - https:\/\/yoast.com\/wordpress\/plugins\/seo\/ -->\n<title>Industry - Navitas<\/title>\n<meta name=\"robots\" content=\"index, follow, max-snippet:-1, max-image-preview:large, max-video-preview:-1\" \/>\n<link rel=\"canonical\" href=\"https:\/\/www.navitas.pt\/en\/industry\/\" \/>\n<meta property=\"og:locale\" content=\"en_US\" \/>\n<meta property=\"og:type\" content=\"article\" \/>\n<meta property=\"og:title\" content=\"Industry - Navitas\" \/>\n<meta property=\"og:description\" content=\"Industry Some reference works: \u2022 Conceptual and detailed design of HVAC systems for Visteon plant in Palmela;\u2022 Conceptual and detailed design of HVAC systems for Hanon plant in Palmela;\u2022 Energy auditing of Recipharm (former Lusomedicamenta) plant in Queluz;\u2022 Energy auditing of Recipharm (former Lusomedicamenta) plant in P\u00f3voa de S.Adri\u00e3o;\u2022 Energy auditing of Genibet plant in [&hellip;]\" \/>\n<meta property=\"og:url\" content=\"https:\/\/www.navitas.pt\/en\/industry\/\" \/>\n<meta property=\"og:site_name\" content=\"Navitas\" \/>\n<meta property=\"article:modified_time\" content=\"2023-04-23T22:26:36+00:00\" \/>\n<meta property=\"og:image\" content=\"https:\/\/www.navitas.pt\/wp-content\/uploads\/2022\/10\/base4-1024x683.jpg\" \/>\n<meta name=\"twitter:card\" content=\"summary_large_image\" \/>\n<script type=\"application\/ld+json\" class=\"yoast-schema-graph\">{\"@context\":\"https:\/\/schema.org\",\"@graph\":[{\"@type\":\"WebPage\",\"@id\":\"https:\/\/www.navitas.pt\/en\/industry\/\",\"url\":\"https:\/\/www.navitas.pt\/en\/industry\/\",\"name\":\"Industry - Navitas\",\"isPartOf\":{\"@id\":\"https:\/\/www.navitas.pt\/en\/#website\"},\"datePublished\":\"2022-02-28T12:54:23+00:00\",\"dateModified\":\"2023-04-23T22:26:36+00:00\",\"breadcrumb\":{\"@id\":\"https:\/\/www.navitas.pt\/en\/industry\/#breadcrumb\"},\"inLanguage\":\"en-US\",\"potentialAction\":[{\"@type\":\"ReadAction\",\"target\":[\"https:\/\/www.navitas.pt\/en\/industry\/\"]}]},{\"@type\":\"BreadcrumbList\",\"@id\":\"https:\/\/www.navitas.pt\/en\/industry\/#breadcrumb\",\"itemListElement\":[{\"@type\":\"ListItem\",\"position\":1,\"name\":\"In\u00edcio\",\"item\":\"https:\/\/www.navitas.pt\/en\/\"},{\"@type\":\"ListItem\",\"position\":2,\"name\":\"Industry\"}]},{\"@type\":\"WebSite\",\"@id\":\"https:\/\/www.navitas.pt\/en\/#website\",\"url\":\"https:\/\/www.navitas.pt\/en\/\",\"name\":\"Navitas\",\"description\":\"Presta servi\u00e7os de excel\u00eancia no mercado da consultoria e do projeto de engenharia sendo uma refer\u00eancia de qualidade\",\"potentialAction\":[{\"@type\":\"SearchAction\",\"target\":{\"@type\":\"EntryPoint\",\"urlTemplate\":\"https:\/\/www.navitas.pt\/en\/?s={search_term_string}\"},\"query-input\":\"required name=search_term_string\"}],\"inLanguage\":\"en-US\"}]}<\/script>\n<!-- \/ Yoast SEO plugin. -->","yoast_head_json":{"title":"Industry - Navitas","robots":{"index":"index","follow":"follow","max-snippet":"max-snippet:-1","max-image-preview":"max-image-preview:large","max-video-preview":"max-video-preview:-1"},"canonical":"https:\/\/www.navitas.pt\/en\/industry\/","og_locale":"en_US","og_type":"article","og_title":"Industry - Navitas","og_description":"Industry Some reference works: \u2022 Conceptual and detailed design of HVAC systems for Visteon plant in Palmela;\u2022 Conceptual and detailed design of HVAC systems for Hanon plant in Palmela;\u2022 Energy auditing of Recipharm (former Lusomedicamenta) plant in Queluz;\u2022 Energy auditing of Recipharm (former Lusomedicamenta) plant in P\u00f3voa de S.Adri\u00e3o;\u2022 Energy auditing of Genibet plant in [&hellip;]","og_url":"https:\/\/www.navitas.pt\/en\/industry\/","og_site_name":"Navitas","article_modified_time":"2023-04-23T22:26:36+00:00","og_image":[{"url":"https:\/\/www.navitas.pt\/wp-content\/uploads\/2022\/10\/base4-1024x683.jpg"}],"twitter_card":"summary_large_image","schema":{"@context":"https:\/\/schema.org","@graph":[{"@type":"WebPage","@id":"https:\/\/www.navitas.pt\/en\/industry\/","url":"https:\/\/www.navitas.pt\/en\/industry\/","name":"Industry - Navitas","isPartOf":{"@id":"https:\/\/www.navitas.pt\/en\/#website"},"datePublished":"2022-02-28T12:54:23+00:00","dateModified":"2023-04-23T22:26:36+00:00","breadcrumb":{"@id":"https:\/\/www.navitas.pt\/en\/industry\/#breadcrumb"},"inLanguage":"en-US","potentialAction":[{"@type":"ReadAction","target":["https:\/\/www.navitas.pt\/en\/industry\/"]}]},{"@type":"BreadcrumbList","@id":"https:\/\/www.navitas.pt\/en\/industry\/#breadcrumb","itemListElement":[{"@type":"ListItem","position":1,"name":"In\u00edcio","item":"https:\/\/www.navitas.pt\/en\/"},{"@type":"ListItem","position":2,"name":"Industry"}]},{"@type":"WebSite","@id":"https:\/\/www.navitas.pt\/en\/#website","url":"https:\/\/www.navitas.pt\/en\/","name":"Navitas","description":"Presta servi\u00e7os de excel\u00eancia no mercado da consultoria e do projeto de engenharia sendo uma refer\u00eancia de qualidade","potentialAction":[{"@type":"SearchAction","target":{"@type":"EntryPoint","urlTemplate":"https:\/\/www.navitas.pt\/en\/?s={search_term_string}"},"query-input":"required name=search_term_string"}],"inLanguage":"en-US"}]}},"_links":{"self":[{"href":"https:\/\/www.navitas.pt\/en\/wp-json\/wp\/v2\/pages\/1830","targetHints":{"allow":["GET"]}}],"collection":[{"href":"https:\/\/www.navitas.pt\/en\/wp-json\/wp\/v2\/pages"}],"about":[{"href":"https:\/\/www.navitas.pt\/en\/wp-json\/wp\/v2\/types\/page"}],"author":[{"embeddable":true,"href":"https:\/\/www.navitas.pt\/en\/wp-json\/wp\/v2\/users\/2"}],"replies":[{"embeddable":true,"href":"https:\/\/www.navitas.pt\/en\/wp-json\/wp\/v2\/comments?post=1830"}],"version-history":[{"count":2,"href":"https:\/\/www.navitas.pt\/en\/wp-json\/wp\/v2\/pages\/1830\/revisions"}],"predecessor-version":[{"id":1959,"href":"https:\/\/www.navitas.pt\/en\/wp-json\/wp\/v2\/pages\/1830\/revisions\/1959"}],"wp:attachment":[{"href":"https:\/\/www.navitas.pt\/en\/wp-json\/wp\/v2\/media?parent=1830"}],"curies":[{"name":"wp","href":"https:\/\/api.w.org\/{rel}","templated":true}]}}