{"id":1816,"date":"2022-02-28T13:28:05","date_gmt":"2022-02-28T13:28:05","guid":{"rendered":"https:\/\/www.navitas.pt\/hospitals\/"},"modified":"2023-04-10T10:27:45","modified_gmt":"2023-04-10T10:27:45","slug":"hospitals","status":"publish","type":"page","link":"https:\/\/www.navitas.pt\/en\/hospitals\/","title":{"rendered":"Hospitals"},"content":{"rendered":"\t\t<div data-elementor-type=\"wp-page\" data-elementor-id=\"1816\" class=\"elementor elementor-1816 elementor-425\">\n\t\t\t\t\t\t<div class=\"elementor-inner\">\n\t\t\t\t<div class=\"elementor-section-wrap\">\n\t\t\t\t\t\t\t\t\t<section class=\"elementor-section elementor-top-section elementor-element elementor-element-2dca8e2 elementor-section-boxed elementor-section-height-default elementor-section-height-default\" data-id=\"2dca8e2\" data-element_type=\"section\" data-settings=\"{&quot;background_background&quot;:&quot;classic&quot;}\">\n\t\t\t\t\t\t\t<div class=\"elementor-background-overlay\"><\/div>\n\t\t\t\t\t\t\t<div class=\"elementor-container elementor-column-gap-default\">\n\t\t\t\t\t\t\t<div class=\"elementor-row\">\n\t\t\t\t\t<div class=\"elementor-column elementor-col-100 elementor-top-column elementor-element elementor-element-9c44de8\" data-id=\"9c44de8\" data-element_type=\"column\">\n\t\t\t<div class=\"elementor-column-wrap elementor-element-populated\">\n\t\t\t\t\t\t\t<div class=\"elementor-widget-wrap\">\n\t\t\t\t\t\t<div class=\"elementor-element elementor-element-1f1ac20 elementor-widget elementor-widget-heading\" data-id=\"1f1ac20\" data-element_type=\"widget\" data-widget_type=\"heading.default\">\n\t\t\t\t<div class=\"elementor-widget-container\">\n\t\t\t<h1 class=\"elementor-heading-title elementor-size-default\">Hospitals<\/h1>\t\t<\/div>\n\t\t\t\t<\/div>\n\t\t\t\t\t\t<\/div>\n\t\t\t\t\t<\/div>\n\t\t<\/div>\n\t\t\t\t\t\t\t\t<\/div>\n\t\t\t\t\t<\/div>\n\t\t<\/section>\n\t\t\t\t<section class=\"elementor-section elementor-top-section elementor-element elementor-element-fb5e075 elementor-section-boxed elementor-section-height-default elementor-section-height-default\" data-id=\"fb5e075\" data-element_type=\"section\">\n\t\t\t\t\t\t<div class=\"elementor-container elementor-column-gap-default\">\n\t\t\t\t\t\t\t<div class=\"elementor-row\">\n\t\t\t\t\t<div class=\"elementor-column elementor-col-100 elementor-top-column elementor-element elementor-element-45926f2\" data-id=\"45926f2\" data-element_type=\"column\">\n\t\t\t<div class=\"elementor-column-wrap elementor-element-populated\">\n\t\t\t\t\t\t\t<div class=\"elementor-widget-wrap\">\n\t\t\t\t\t\t<section class=\"elementor-section elementor-inner-section elementor-element elementor-element-c6715cf elementor-section-full_width elementor-section-height-default elementor-section-height-default\" data-id=\"c6715cf\" data-element_type=\"section\">\n\t\t\t\t\t\t\t<div class=\"elementor-background-overlay\"><\/div>\n\t\t\t\t\t\t\t<div class=\"elementor-container elementor-column-gap-extended\">\n\t\t\t\t\t\t\t<div class=\"elementor-row\">\n\t\t\t\t\t<div class=\"elementor-column elementor-col-100 elementor-inner-column elementor-element elementor-element-918d102\" data-id=\"918d102\" data-element_type=\"column\" data-settings=\"{&quot;background_background&quot;:&quot;classic&quot;}\">\n\t\t\t<div class=\"elementor-column-wrap elementor-element-populated\">\n\t\t\t\t\t<div class=\"elementor-background-overlay\"><\/div>\n\t\t\t\t\t\t\t<div class=\"elementor-widget-wrap\">\n\t\t\t\t\t\t<div class=\"elementor-element elementor-element-ce2bcf3 elementor-widget elementor-widget-text-editor\" data-id=\"ce2bcf3\" data-element_type=\"widget\" data-widget_type=\"text-editor.default\">\n\t\t\t\t<div class=\"elementor-widget-container\">\n\t\t\t\t\t\t\t\t<div class=\"elementor-text-editor elementor-clearfix\">\n\t\t\t\t<p>Some reference works:<\/p>\n\t\t\t\t\t<\/div>\n\t\t\t\t\t\t<\/div>\n\t\t\t\t<\/div>\n\t\t\t\t\t\t<\/div>\n\t\t\t\t\t<\/div>\n\t\t<\/div>\n\t\t\t\t\t\t\t\t<\/div>\n\t\t\t\t\t<\/div>\n\t\t<\/section>\n\t\t\t\t\t\t<\/div>\n\t\t\t\t\t<\/div>\n\t\t<\/div>\n\t\t\t\t\t\t\t\t<\/div>\n\t\t\t\t\t<\/div>\n\t\t<\/section>\n\t\t\t\t<section class=\"elementor-section elementor-top-section elementor-element elementor-element-61bc19f elementor-section-boxed elementor-section-height-default elementor-section-height-default\" data-id=\"61bc19f\" data-element_type=\"section\">\n\t\t\t\t\t\t\t<div class=\"elementor-background-overlay\"><\/div>\n\t\t\t\t\t\t\t<div class=\"elementor-container elementor-column-gap-default\">\n\t\t\t\t\t\t\t<div class=\"elementor-row\">\n\t\t\t\t\t<div class=\"elementor-column elementor-col-50 elementor-top-column elementor-element elementor-element-c531f5e\" data-id=\"c531f5e\" data-element_type=\"column\">\n\t\t\t<div class=\"elementor-column-wrap elementor-element-populated\">\n\t\t\t\t\t\t\t<div class=\"elementor-widget-wrap\">\n\t\t\t\t\t\t<div class=\"elementor-element elementor-element-3372c87 elementor-widget elementor-widget-text-editor\" data-id=\"3372c87\" data-element_type=\"widget\" data-widget_type=\"text-editor.default\">\n\t\t\t\t<div class=\"elementor-widget-container\">\n\t\t\t\t\t\t\t\t<div class=\"elementor-text-editor elementor-clearfix\">\n\t\t\t\t<p><span style=\"color: #0074be;\"><strong>\u2022<\/strong><\/span> Conceptual and detailed Design for the partial renovation of the HVAC systems at Hospital Lus\u00edadas Lisboa, in Lisbon;<br \/><span style=\"color: #0074be;\"><strong>\u2022<\/strong><\/span> Conceptual and detailed Design for the renovation of the HVAC systems in the endoscopy rooms at Hospital Lus\u00edadas Porto, in Porto;<br \/><span style=\"color: #0074be;\"><strong>\u2022<\/strong><\/span> Conceptual and detailed Design for the renovation of HVAC systems in the Operating Room of Hospital Lus\u00edadas Faro, in Faro;<br \/><span style=\"color: #0074be;\"><strong>\u2022<\/strong><\/span> Audit of the sanitary hot water production system (DHW) at Hospital Beatriz \u00c2ngelo, in Loures;<br \/><span style=\"color: #0074be;\"><strong>\u2022<\/strong><\/span> Testing, adjusting and balancing (TAB) the ductworks of the HVAC systems at Hospital Beatriz \u00c2ngelo, in Loures;<br \/><span style=\"color: #0074be;\"><strong>\u2022<\/strong><\/span> Technical audit of the HVAC systems in Edif\u00edcio 1 of Hospital Lus\u00edadas Lisboa, in Lisbon.<\/p>\n\t\t\t\t\t<\/div>\n\t\t\t\t\t\t<\/div>\n\t\t\t\t<\/div>\n\t\t\t\t\t\t<\/div>\n\t\t\t\t\t<\/div>\n\t\t<\/div>\n\t\t\t\t<div class=\"elementor-column elementor-col-50 elementor-top-column elementor-element elementor-element-31cb5f9\" data-id=\"31cb5f9\" data-element_type=\"column\">\n\t\t\t<div class=\"elementor-column-wrap elementor-element-populated\">\n\t\t\t\t\t\t\t<div class=\"elementor-widget-wrap\">\n\t\t\t\t\t\t<section class=\"elementor-section elementor-inner-section elementor-element elementor-element-3cca827 elementor-section-boxed elementor-section-height-default elementor-section-height-default\" data-id=\"3cca827\" data-element_type=\"section\">\n\t\t\t\t\t\t<div class=\"elementor-container elementor-column-gap-default\">\n\t\t\t\t\t\t\t<div class=\"elementor-row\">\n\t\t\t\t\t<div class=\"elementor-column elementor-col-100 elementor-inner-column elementor-element elementor-element-70d664f animated-slow elementor-invisible\" data-id=\"70d664f\" data-element_type=\"column\" data-settings=\"{&quot;animation&quot;:&quot;fadeInDown&quot;}\">\n\t\t\t<div class=\"elementor-column-wrap elementor-element-populated\">\n\t\t\t\t\t\t\t<div class=\"elementor-widget-wrap\">\n\t\t\t\t\t\t<div class=\"elementor-element elementor-element-c8b491b elementor-widget elementor-widget-image-carousel\" data-id=\"c8b491b\" data-element_type=\"widget\" data-settings=\"{&quot;slides_to_show&quot;:&quot;1&quot;,&quot;navigation&quot;:&quot;none&quot;,&quot;effect&quot;:&quot;fade&quot;,&quot;autoplay&quot;:&quot;yes&quot;,&quot;pause_on_hover&quot;:&quot;yes&quot;,&quot;pause_on_interaction&quot;:&quot;yes&quot;,&quot;autoplay_speed&quot;:5000,&quot;infinite&quot;:&quot;yes&quot;,&quot;speed&quot;:500}\" data-widget_type=\"image-carousel.default\">\n\t\t\t\t<div class=\"elementor-widget-container\">\n\t\t\t\t\t<div class=\"elementor-image-carousel-wrapper swiper-container\" dir=\"ltr\">\n\t\t\t<div class=\"elementor-image-carousel swiper-wrapper\">\n\t\t\t\t\t\t\t\t<div class=\"swiper-slide\"><figure class=\"swiper-slide-inner\"><img decoding=\"async\" class=\"swiper-slide-image\" src=\"https:\/\/www.navitas.pt\/wp-content\/uploads\/2022\/06\/HLL1-768x518.jpg\" alt=\"HLL1\" \/><\/figure><\/div><div class=\"swiper-slide\"><figure class=\"swiper-slide-inner\"><img decoding=\"async\" class=\"swiper-slide-image\" src=\"https:\/\/www.navitas.pt\/wp-content\/uploads\/2022\/06\/HLL2-768x518.jpg\" alt=\"HLL2\" \/><\/figure><\/div>\t\t\t<\/div>\n\t\t\t\t\t\t\t\t\t\t\t\t\t\t\t\t<\/div>\n\t\t\t\t<\/div>\n\t\t\t\t<\/div>\n\t\t\t\t\t\t<\/div>\n\t\t\t\t\t<\/div>\n\t\t<\/div>\n\t\t\t\t\t\t\t\t<\/div>\n\t\t\t\t\t<\/div>\n\t\t<\/section>\n\t\t\t\t\t\t<\/div>\n\t\t\t\t\t<\/div>\n\t\t<\/div>\n\t\t\t\t\t\t\t\t<\/div>\n\t\t\t\t\t<\/div>\n\t\t<\/section>\n\t\t\t\t\t\t\t\t\t<\/div>\n\t\t\t<\/div>\n\t\t\t\t\t<\/div>\n\t\t","protected":false},"excerpt":{"rendered":"<p>Hospitals Some reference works: \u2022 Conceptual and detailed Design for the partial renovation of the HVAC systems at Hospital Lus\u00edadas Lisboa, in Lisbon;\u2022 Conceptual and detailed Design for the renovation of the HVAC systems in the endoscopy rooms at Hospital Lus\u00edadas Porto, in Porto;\u2022 Conceptual and detailed Design for the renovation of HVAC systems in [&hellip;]<\/p>\n","protected":false},"author":2,"featured_media":0,"parent":0,"menu_order":0,"comment_status":"closed","ping_status":"closed","template":"elementor_header_footer","meta":{"footnotes":""},"class_list":["post-1816","page","type-page","status-publish","hentry"],"yoast_head":"<!-- This site is optimized with the Yoast SEO plugin v20.8 - https:\/\/yoast.com\/wordpress\/plugins\/seo\/ -->\n<title>Hospitals - Navitas<\/title>\n<meta name=\"robots\" content=\"index, follow, max-snippet:-1, max-image-preview:large, max-video-preview:-1\" \/>\n<link rel=\"canonical\" href=\"https:\/\/www.navitas.pt\/en\/hospitals\/\" \/>\n<meta property=\"og:locale\" content=\"en_US\" \/>\n<meta property=\"og:type\" content=\"article\" \/>\n<meta property=\"og:title\" content=\"Hospitals - Navitas\" \/>\n<meta property=\"og:description\" content=\"Hospitals Some reference works: \u2022 Conceptual and detailed Design for the partial renovation of the HVAC systems at Hospital Lus\u00edadas Lisboa, in Lisbon;\u2022 Conceptual and detailed Design for the renovation of the HVAC systems in the endoscopy rooms at Hospital Lus\u00edadas Porto, in Porto;\u2022 Conceptual and detailed Design for the renovation of HVAC systems in [&hellip;]\" \/>\n<meta property=\"og:url\" content=\"https:\/\/www.navitas.pt\/en\/hospitals\/\" \/>\n<meta property=\"og:site_name\" content=\"Navitas\" \/>\n<meta property=\"article:modified_time\" content=\"2023-04-10T10:27:45+00:00\" \/>\n<meta property=\"og:image\" content=\"https:\/\/www.navitas.pt\/wp-content\/uploads\/2022\/06\/HLL1-768x518.jpg\" \/>\n<meta name=\"twitter:card\" content=\"summary_large_image\" \/>\n<meta name=\"twitter:label1\" content=\"Est. reading time\" \/>\n\t<meta name=\"twitter:data1\" content=\"1 minute\" \/>\n<script type=\"application\/ld+json\" class=\"yoast-schema-graph\">{\"@context\":\"https:\/\/schema.org\",\"@graph\":[{\"@type\":\"WebPage\",\"@id\":\"https:\/\/www.navitas.pt\/en\/hospitals\/\",\"url\":\"https:\/\/www.navitas.pt\/en\/hospitals\/\",\"name\":\"Hospitals - Navitas\",\"isPartOf\":{\"@id\":\"https:\/\/www.navitas.pt\/en\/#website\"},\"datePublished\":\"2022-02-28T13:28:05+00:00\",\"dateModified\":\"2023-04-10T10:27:45+00:00\",\"breadcrumb\":{\"@id\":\"https:\/\/www.navitas.pt\/en\/hospitals\/#breadcrumb\"},\"inLanguage\":\"en-US\",\"potentialAction\":[{\"@type\":\"ReadAction\",\"target\":[\"https:\/\/www.navitas.pt\/en\/hospitals\/\"]}]},{\"@type\":\"BreadcrumbList\",\"@id\":\"https:\/\/www.navitas.pt\/en\/hospitals\/#breadcrumb\",\"itemListElement\":[{\"@type\":\"ListItem\",\"position\":1,\"name\":\"In\u00edcio\",\"item\":\"https:\/\/www.navitas.pt\/en\/\"},{\"@type\":\"ListItem\",\"position\":2,\"name\":\"Hospitals\"}]},{\"@type\":\"WebSite\",\"@id\":\"https:\/\/www.navitas.pt\/en\/#website\",\"url\":\"https:\/\/www.navitas.pt\/en\/\",\"name\":\"Navitas\",\"description\":\"Presta servi\u00e7os de excel\u00eancia no mercado da consultoria e do projeto de engenharia sendo uma refer\u00eancia de qualidade\",\"potentialAction\":[{\"@type\":\"SearchAction\",\"target\":{\"@type\":\"EntryPoint\",\"urlTemplate\":\"https:\/\/www.navitas.pt\/en\/?s={search_term_string}\"},\"query-input\":\"required name=search_term_string\"}],\"inLanguage\":\"en-US\"}]}<\/script>\n<!-- \/ Yoast SEO plugin. -->","yoast_head_json":{"title":"Hospitals - Navitas","robots":{"index":"index","follow":"follow","max-snippet":"max-snippet:-1","max-image-preview":"max-image-preview:large","max-video-preview":"max-video-preview:-1"},"canonical":"https:\/\/www.navitas.pt\/en\/hospitals\/","og_locale":"en_US","og_type":"article","og_title":"Hospitals - Navitas","og_description":"Hospitals Some reference works: \u2022 Conceptual and detailed Design for the partial renovation of the HVAC systems at Hospital Lus\u00edadas Lisboa, in Lisbon;\u2022 Conceptual and detailed Design for the renovation of the HVAC systems in the endoscopy rooms at Hospital Lus\u00edadas Porto, in Porto;\u2022 Conceptual and detailed Design for the renovation of HVAC systems in [&hellip;]","og_url":"https:\/\/www.navitas.pt\/en\/hospitals\/","og_site_name":"Navitas","article_modified_time":"2023-04-10T10:27:45+00:00","og_image":[{"url":"https:\/\/www.navitas.pt\/wp-content\/uploads\/2022\/06\/HLL1-768x518.jpg"}],"twitter_card":"summary_large_image","twitter_misc":{"Est. reading time":"1 minute"},"schema":{"@context":"https:\/\/schema.org","@graph":[{"@type":"WebPage","@id":"https:\/\/www.navitas.pt\/en\/hospitals\/","url":"https:\/\/www.navitas.pt\/en\/hospitals\/","name":"Hospitals - Navitas","isPartOf":{"@id":"https:\/\/www.navitas.pt\/en\/#website"},"datePublished":"2022-02-28T13:28:05+00:00","dateModified":"2023-04-10T10:27:45+00:00","breadcrumb":{"@id":"https:\/\/www.navitas.pt\/en\/hospitals\/#breadcrumb"},"inLanguage":"en-US","potentialAction":[{"@type":"ReadAction","target":["https:\/\/www.navitas.pt\/en\/hospitals\/"]}]},{"@type":"BreadcrumbList","@id":"https:\/\/www.navitas.pt\/en\/hospitals\/#breadcrumb","itemListElement":[{"@type":"ListItem","position":1,"name":"In\u00edcio","item":"https:\/\/www.navitas.pt\/en\/"},{"@type":"ListItem","position":2,"name":"Hospitals"}]},{"@type":"WebSite","@id":"https:\/\/www.navitas.pt\/en\/#website","url":"https:\/\/www.navitas.pt\/en\/","name":"Navitas","description":"Presta servi\u00e7os de excel\u00eancia no mercado da consultoria e do projeto de engenharia sendo uma refer\u00eancia de qualidade","potentialAction":[{"@type":"SearchAction","target":{"@type":"EntryPoint","urlTemplate":"https:\/\/www.navitas.pt\/en\/?s={search_term_string}"},"query-input":"required name=search_term_string"}],"inLanguage":"en-US"}]}},"_links":{"self":[{"href":"https:\/\/www.navitas.pt\/en\/wp-json\/wp\/v2\/pages\/1816","targetHints":{"allow":["GET"]}}],"collection":[{"href":"https:\/\/www.navitas.pt\/en\/wp-json\/wp\/v2\/pages"}],"about":[{"href":"https:\/\/www.navitas.pt\/en\/wp-json\/wp\/v2\/types\/page"}],"author":[{"embeddable":true,"href":"https:\/\/www.navitas.pt\/en\/wp-json\/wp\/v2\/users\/2"}],"replies":[{"embeddable":true,"href":"https:\/\/www.navitas.pt\/en\/wp-json\/wp\/v2\/comments?post=1816"}],"version-history":[{"count":1,"href":"https:\/\/www.navitas.pt\/en\/wp-json\/wp\/v2\/pages\/1816\/revisions"}],"predecessor-version":[{"id":1817,"href":"https:\/\/www.navitas.pt\/en\/wp-json\/wp\/v2\/pages\/1816\/revisions\/1817"}],"wp:attachment":[{"href":"https:\/\/www.navitas.pt\/en\/wp-json\/wp\/v2\/media?parent=1816"}],"curies":[{"name":"wp","href":"https:\/\/api.w.org\/{rel}","templated":true}]}}