{"id":1814,"date":"2022-06-23T15:32:24","date_gmt":"2022-06-23T15:32:24","guid":{"rendered":"https:\/\/www.navitas.pt\/carlos-lisboa\/"},"modified":"2023-04-10T10:29:53","modified_gmt":"2023-04-10T10:29:53","slug":"carlos-lisboa","status":"publish","type":"page","link":"https:\/\/www.navitas.pt\/en\/carlos-lisboa\/","title":{"rendered":"Carlos Lisboa"},"content":{"rendered":"\t\t<div data-elementor-type=\"wp-page\" data-elementor-id=\"1814\" class=\"elementor elementor-1814 elementor-1100\">\n\t\t\t\t\t\t<div class=\"elementor-inner\">\n\t\t\t\t<div class=\"elementor-section-wrap\">\n\t\t\t\t\t\t\t\t\t<section class=\"elementor-section elementor-top-section elementor-element elementor-element-9850f00 elementor-section-content-middle elementor-section-boxed elementor-section-height-default elementor-section-height-default\" data-id=\"9850f00\" data-element_type=\"section\" data-settings=\"{&quot;background_background&quot;:&quot;classic&quot;}\">\n\t\t\t\t\t\t<div class=\"elementor-container elementor-column-gap-extended\">\n\t\t\t\t\t\t\t<div class=\"elementor-row\">\n\t\t\t\t\t<div class=\"elementor-column elementor-col-50 elementor-top-column elementor-element elementor-element-0767561\" data-id=\"0767561\" data-element_type=\"column\">\n\t\t\t<div class=\"elementor-column-wrap elementor-element-populated\">\n\t\t\t\t\t\t\t<div class=\"elementor-widget-wrap\">\n\t\t\t\t\t\t<div class=\"elementor-element elementor-element-f94d7ac elementor-widget elementor-widget-heading\" data-id=\"f94d7ac\" data-element_type=\"widget\" data-widget_type=\"heading.default\">\n\t\t\t\t<div class=\"elementor-widget-container\">\n\t\t\t<h2 class=\"elementor-heading-title elementor-size-default\">Founder<\/h2>\t\t<\/div>\n\t\t\t\t<\/div>\n\t\t\t\t<div class=\"elementor-element elementor-element-62406d3 elementor-widget elementor-widget-image\" data-id=\"62406d3\" data-element_type=\"widget\" data-widget_type=\"image.default\">\n\t\t\t\t<div class=\"elementor-widget-container\">\n\t\t\t\t\t\t\t\t<div class=\"elementor-image\">\n\t\t\t\t\t\t\t\t\t\t\t\t<img loading=\"lazy\" decoding=\"async\" width=\"760\" height=\"760\" src=\"https:\/\/www.navitas.pt\/wp-content\/uploads\/2022\/06\/CLisboa2.jpg\" class=\"attachment-full size-full wp-image-1142\" alt=\"\" srcset=\"https:\/\/www.navitas.pt\/wp-content\/uploads\/2022\/06\/CLisboa2.jpg 760w, https:\/\/www.navitas.pt\/wp-content\/uploads\/2022\/06\/CLisboa2-300x300.jpg 300w, https:\/\/www.navitas.pt\/wp-content\/uploads\/2022\/06\/CLisboa2-150x150.jpg 150w\" sizes=\"auto, (max-width: 760px) 100vw, 760px\" \/>\t\t\t\t\t\t\t\t\t\t\t\t\t\t<\/div>\n\t\t\t\t\t\t<\/div>\n\t\t\t\t<\/div>\n\t\t\t\t\t\t<\/div>\n\t\t\t\t\t<\/div>\n\t\t<\/div>\n\t\t\t\t<div class=\"elementor-column elementor-col-50 elementor-top-column elementor-element elementor-element-86beb0b\" data-id=\"86beb0b\" data-element_type=\"column\" data-settings=\"{&quot;background_background&quot;:&quot;classic&quot;}\">\n\t\t\t<div class=\"elementor-column-wrap elementor-element-populated\">\n\t\t\t\t\t\t\t<div class=\"elementor-widget-wrap\">\n\t\t\t\t\t\t<div class=\"elementor-element elementor-element-7fd3f52 elementor-widget elementor-widget-heading\" data-id=\"7fd3f52\" data-element_type=\"widget\" data-widget_type=\"heading.default\">\n\t\t\t\t<div class=\"elementor-widget-container\">\n\t\t\t<h3 class=\"elementor-heading-title elementor-size-default\">Carlos Lisboa<\/h3>\t\t<\/div>\n\t\t\t\t<\/div>\n\t\t\t\t<div class=\"elementor-element elementor-element-abcc62a elementor-widget elementor-widget-text-editor\" data-id=\"abcc62a\" data-element_type=\"widget\" data-widget_type=\"text-editor.default\">\n\t\t\t\t<div class=\"elementor-widget-container\">\n\t\t\t\t\t\t\t\t<div class=\"elementor-text-editor elementor-clearfix\">\n\t\t\t\t<p>In his over 30 years of practicing experience the following fields of work where covered: Energy auditing; Energy management; HVAC design; HVAC construction works inspection and management; HVAC testing, adjusting and balancing; Building energy detailed dynamic simulation; Indoor Air Quality auditing.<\/p>\n<p>Carlos Lisboa has a strong involvement in community work, of which the following stand out:<\/p>\n\t\t\t\t\t<\/div>\n\t\t\t\t\t\t<\/div>\n\t\t\t\t<\/div>\n\t\t\t\t<div class=\"elementor-element elementor-element-c6a825d elementor-widget elementor-widget-text-editor\" data-id=\"c6a825d\" data-element_type=\"widget\" data-widget_type=\"text-editor.default\">\n\t\t\t\t<div class=\"elementor-widget-container\">\n\t\t\t\t\t\t\t\t<div class=\"elementor-text-editor elementor-clearfix\">\n\t\t\t\t<blockquote>\n<ul>\n<li>Current counsellor for the European region, together with professor Jaap Hogeling, of AASA, ASHRAE <em>Associate Societies Alliance<\/em>;<\/li>\n<li>Former president of the Portuguese Society of HVAC&amp;R engineers (EFRIARC);<\/li>\n<li>Former President of EFRIARC&#8217;s Technical Committee;<\/li>\n<li>Former Vice-President of the ASHRAE Portugal Chapter;<\/li>\n<li>Participant on technical standardization committees, national (IPQ) and european (CEN);<\/li>\n<li>Co-Author of ASHRAE\/REHVA Beam Systems Design Guide.<\/li>\n<\/ul>\n<p>Carlos Lisboa is a mechanical engineer, applied thermodynamics branch, graduated at Instituto Superior T\u00e9cnico (IST), in Lisbon.<\/p>\n<\/blockquote>\n\t\t\t\t\t<\/div>\n\t\t\t\t\t\t<\/div>\n\t\t\t\t<\/div>\n\t\t\t\t\t\t<\/div>\n\t\t\t\t\t<\/div>\n\t\t<\/div>\n\t\t\t\t\t\t\t\t<\/div>\n\t\t\t\t\t<\/div>\n\t\t<\/section>\n\t\t\t\t\t\t\t\t\t<\/div>\n\t\t\t<\/div>\n\t\t\t\t\t<\/div>\n\t\t","protected":false},"excerpt":{"rendered":"<p>Founder Carlos Lisboa In his over 30 years of practicing experience the following fields of work where covered: Energy auditing; Energy management; HVAC design; HVAC construction works inspection and management; HVAC testing, adjusting and balancing; Building energy detailed dynamic simulation; Indoor Air Quality auditing. Carlos Lisboa has a strong involvement in community work, of which [&hellip;]<\/p>\n","protected":false},"author":2,"featured_media":0,"parent":0,"menu_order":0,"comment_status":"closed","ping_status":"closed","template":"elementor_header_footer","meta":{"footnotes":""},"class_list":["post-1814","page","type-page","status-publish","hentry"],"yoast_head":"<!-- This site is optimized with the Yoast SEO plugin v20.8 - https:\/\/yoast.com\/wordpress\/plugins\/seo\/ -->\n<title>Carlos Lisboa - Navitas<\/title>\n<meta name=\"robots\" content=\"index, follow, max-snippet:-1, max-image-preview:large, max-video-preview:-1\" \/>\n<link rel=\"canonical\" href=\"https:\/\/www.navitas.pt\/en\/carlos-lisboa\/\" \/>\n<meta property=\"og:locale\" content=\"en_US\" \/>\n<meta property=\"og:type\" content=\"article\" \/>\n<meta property=\"og:title\" content=\"Carlos Lisboa - Navitas\" \/>\n<meta property=\"og:description\" content=\"Founder Carlos Lisboa In his over 30 years of practicing experience the following fields of work where covered: Energy auditing; Energy management; HVAC design; HVAC construction works inspection and management; HVAC testing, adjusting and balancing; Building energy detailed dynamic simulation; Indoor Air Quality auditing. Carlos Lisboa has a strong involvement in community work, of which [&hellip;]\" \/>\n<meta property=\"og:url\" content=\"https:\/\/www.navitas.pt\/en\/carlos-lisboa\/\" \/>\n<meta property=\"og:site_name\" content=\"Navitas\" \/>\n<meta property=\"article:modified_time\" content=\"2023-04-10T10:29:53+00:00\" \/>\n<meta property=\"og:image\" content=\"https:\/\/www.navitas.pt\/wp-content\/uploads\/2022\/06\/CLisboa2.jpg\" \/>\n<meta name=\"twitter:card\" content=\"summary_large_image\" \/>\n<meta name=\"twitter:label1\" content=\"Est. reading time\" \/>\n\t<meta name=\"twitter:data1\" content=\"1 minute\" \/>\n<script type=\"application\/ld+json\" class=\"yoast-schema-graph\">{\"@context\":\"https:\/\/schema.org\",\"@graph\":[{\"@type\":\"WebPage\",\"@id\":\"https:\/\/www.navitas.pt\/en\/carlos-lisboa\/\",\"url\":\"https:\/\/www.navitas.pt\/en\/carlos-lisboa\/\",\"name\":\"Carlos Lisboa - Navitas\",\"isPartOf\":{\"@id\":\"https:\/\/www.navitas.pt\/en\/#website\"},\"datePublished\":\"2022-06-23T15:32:24+00:00\",\"dateModified\":\"2023-04-10T10:29:53+00:00\",\"breadcrumb\":{\"@id\":\"https:\/\/www.navitas.pt\/en\/carlos-lisboa\/#breadcrumb\"},\"inLanguage\":\"en-US\",\"potentialAction\":[{\"@type\":\"ReadAction\",\"target\":[\"https:\/\/www.navitas.pt\/en\/carlos-lisboa\/\"]}]},{\"@type\":\"BreadcrumbList\",\"@id\":\"https:\/\/www.navitas.pt\/en\/carlos-lisboa\/#breadcrumb\",\"itemListElement\":[{\"@type\":\"ListItem\",\"position\":1,\"name\":\"In\u00edcio\",\"item\":\"https:\/\/www.navitas.pt\/en\/\"},{\"@type\":\"ListItem\",\"position\":2,\"name\":\"Carlos Lisboa\"}]},{\"@type\":\"WebSite\",\"@id\":\"https:\/\/www.navitas.pt\/en\/#website\",\"url\":\"https:\/\/www.navitas.pt\/en\/\",\"name\":\"Navitas\",\"description\":\"Presta servi\u00e7os de excel\u00eancia no mercado da consultoria e do projeto de engenharia sendo uma refer\u00eancia de qualidade\",\"potentialAction\":[{\"@type\":\"SearchAction\",\"target\":{\"@type\":\"EntryPoint\",\"urlTemplate\":\"https:\/\/www.navitas.pt\/en\/?s={search_term_string}\"},\"query-input\":\"required name=search_term_string\"}],\"inLanguage\":\"en-US\"}]}<\/script>\n<!-- \/ Yoast SEO plugin. -->","yoast_head_json":{"title":"Carlos Lisboa - Navitas","robots":{"index":"index","follow":"follow","max-snippet":"max-snippet:-1","max-image-preview":"max-image-preview:large","max-video-preview":"max-video-preview:-1"},"canonical":"https:\/\/www.navitas.pt\/en\/carlos-lisboa\/","og_locale":"en_US","og_type":"article","og_title":"Carlos Lisboa - Navitas","og_description":"Founder Carlos Lisboa In his over 30 years of practicing experience the following fields of work where covered: Energy auditing; Energy management; HVAC design; HVAC construction works inspection and management; HVAC testing, adjusting and balancing; Building energy detailed dynamic simulation; Indoor Air Quality auditing. Carlos Lisboa has a strong involvement in community work, of which [&hellip;]","og_url":"https:\/\/www.navitas.pt\/en\/carlos-lisboa\/","og_site_name":"Navitas","article_modified_time":"2023-04-10T10:29:53+00:00","og_image":[{"url":"https:\/\/www.navitas.pt\/wp-content\/uploads\/2022\/06\/CLisboa2.jpg"}],"twitter_card":"summary_large_image","twitter_misc":{"Est. reading time":"1 minute"},"schema":{"@context":"https:\/\/schema.org","@graph":[{"@type":"WebPage","@id":"https:\/\/www.navitas.pt\/en\/carlos-lisboa\/","url":"https:\/\/www.navitas.pt\/en\/carlos-lisboa\/","name":"Carlos Lisboa - Navitas","isPartOf":{"@id":"https:\/\/www.navitas.pt\/en\/#website"},"datePublished":"2022-06-23T15:32:24+00:00","dateModified":"2023-04-10T10:29:53+00:00","breadcrumb":{"@id":"https:\/\/www.navitas.pt\/en\/carlos-lisboa\/#breadcrumb"},"inLanguage":"en-US","potentialAction":[{"@type":"ReadAction","target":["https:\/\/www.navitas.pt\/en\/carlos-lisboa\/"]}]},{"@type":"BreadcrumbList","@id":"https:\/\/www.navitas.pt\/en\/carlos-lisboa\/#breadcrumb","itemListElement":[{"@type":"ListItem","position":1,"name":"In\u00edcio","item":"https:\/\/www.navitas.pt\/en\/"},{"@type":"ListItem","position":2,"name":"Carlos Lisboa"}]},{"@type":"WebSite","@id":"https:\/\/www.navitas.pt\/en\/#website","url":"https:\/\/www.navitas.pt\/en\/","name":"Navitas","description":"Presta servi\u00e7os de excel\u00eancia no mercado da consultoria e do projeto de engenharia sendo uma refer\u00eancia de qualidade","potentialAction":[{"@type":"SearchAction","target":{"@type":"EntryPoint","urlTemplate":"https:\/\/www.navitas.pt\/en\/?s={search_term_string}"},"query-input":"required name=search_term_string"}],"inLanguage":"en-US"}]}},"_links":{"self":[{"href":"https:\/\/www.navitas.pt\/en\/wp-json\/wp\/v2\/pages\/1814","targetHints":{"allow":["GET"]}}],"collection":[{"href":"https:\/\/www.navitas.pt\/en\/wp-json\/wp\/v2\/pages"}],"about":[{"href":"https:\/\/www.navitas.pt\/en\/wp-json\/wp\/v2\/types\/page"}],"author":[{"embeddable":true,"href":"https:\/\/www.navitas.pt\/en\/wp-json\/wp\/v2\/users\/2"}],"replies":[{"embeddable":true,"href":"https:\/\/www.navitas.pt\/en\/wp-json\/wp\/v2\/comments?post=1814"}],"version-history":[{"count":2,"href":"https:\/\/www.navitas.pt\/en\/wp-json\/wp\/v2\/pages\/1814\/revisions"}],"predecessor-version":[{"id":1825,"href":"https:\/\/www.navitas.pt\/en\/wp-json\/wp\/v2\/pages\/1814\/revisions\/1825"}],"wp:attachment":[{"href":"https:\/\/www.navitas.pt\/en\/wp-json\/wp\/v2\/media?parent=1814"}],"curies":[{"name":"wp","href":"https:\/\/api.w.org\/{rel}","templated":true}]}}